{"id":789,"date":"2025-11-27T20:16:58","date_gmt":"2025-11-27T20:16:58","guid":{"rendered":"https:\/\/fcmorinheights.com\/?page_id=789"},"modified":"2025-11-27T20:52:38","modified_gmt":"2025-11-27T20:52:38","slug":"mickeys","status":"publish","type":"page","link":"https:\/\/fcmorinheights.com\/fr\/mickeys","title":{"rendered":"Mickeys"},"content":{"rendered":"<div data-elementor-type=\"wp-page\" data-elementor-id=\"789\" class=\"elementor elementor-789\">\n\t\t\t\t<div class=\"elementor-element elementor-element-7c6e6ab e-flex e-con-boxed e-con e-parent\" data-id=\"7c6e6ab\" data-element_type=\"container\">\n\t\t\t\t\t<div class=\"e-con-inner\">\n\t\t\t\t<div class=\"elementor-element elementor-element-199dde9 elementor-widget elementor-widget-image\" data-id=\"199dde9\" data-element_type=\"widget\" data-widget_type=\"image.default\">\n\t\t\t\t<div class=\"elementor-widget-container\">\n\t\t\t\t\t\t\t\t\t\t\t\t\t\t\t<img fetchpriority=\"high\" decoding=\"async\" width=\"600\" height=\"874\" src=\"https:\/\/fcmorinheights.com\/wp-content\/uploads\/2025\/02\/CafeMickeys_logo_badge_foret.jpg\" class=\"attachment-large size-large wp-image-166\" alt=\"\" srcset=\"https:\/\/fcmorinheights.com\/wp-content\/uploads\/2025\/02\/CafeMickeys_logo_badge_foret.jpg 600w, https:\/\/fcmorinheights.com\/wp-content\/uploads\/2025\/02\/CafeMickeys_logo_badge_foret-206x300.jpg 206w\" sizes=\"(max-width: 600px) 100vw, 600px\" \/>\t\t\t\t\t\t\t\t\t\t\t\t\t\t\t<\/div>\n\t\t\t\t<\/div>\n\t\t\t\t<div class=\"elementor-element elementor-element-b25403a elementor-widget elementor-widget-text-editor\" data-id=\"b25403a\" data-element_type=\"widget\" data-widget_type=\"text-editor.default\">\n\t\t\t\t<div class=\"elementor-widget-container\">\n\t\t\t\t\t\t\t\t\t<p>\u2615 Gillian Hartley a \u00e9t\u00e9 l'une des premi\u00e8res joueuses de soccer du F.C. Morin-Heights, et aujourd'hui, elle est la propri\u00e9taire du Mickeys Cafe, un pr\u00e9cieux commanditaire de notre club ! Le Mickeys Cafe anime la communaut\u00e9 de Morin-Heights depuis de nombreuses ann\u00e9es, appr\u00e9ci\u00e9 pour son excellent caf\u00e9, ses d\u00e9licieux d\u00e9jeuners et p\u00e2tisseries, ainsi que sa magnifique terrasse et son jardin au bord de la rivi\u00e8re. En plus de commanditer le club, le Mickeys Cafe nous a \u00e9galement offert un excellent caf\u00e9 que nous avons vendu pr\u00e8s du terrain cet \u00e9t\u00e9. Merci, Mickeys Cafe ! \u2615 \u26bd \ud83c\udf74<\/p><p><!-- \/wp:paragraph --><\/p>\t\t\t\t\t\t\t\t<\/div>\n\t\t\t\t<\/div>\n\t\t\t\t\t<\/div>\n\t\t\t\t<\/div>\n\t\t\t\t<\/div>","protected":false},"excerpt":{"rendered":"<p>\u2615 Gillian Hartley was one of F.C. Morin-Heights first female soccer players, and today she is the owner of Mickeys Cafe, a cherished sponsor of our club! Mickeys has been fuelling the Morin-Heights community for many years, valued for its great coffee, delicious lunches and treats, and gorgeous patio and garden by the river. In [&hellip;]<\/p>","protected":false},"author":1,"featured_media":0,"parent":0,"menu_order":0,"comment_status":"closed","ping_status":"closed","template":"","meta":{"footnotes":""},"class_list":["post-789","page","type-page","status-publish","hentry"],"_links":{"self":[{"href":"https:\/\/fcmorinheights.com\/fr\/wp-json\/wp\/v2\/pages\/789","targetHints":{"allow":["GET"]}}],"collection":[{"href":"https:\/\/fcmorinheights.com\/fr\/wp-json\/wp\/v2\/pages"}],"about":[{"href":"https:\/\/fcmorinheights.com\/fr\/wp-json\/wp\/v2\/types\/page"}],"author":[{"embeddable":true,"href":"https:\/\/fcmorinheights.com\/fr\/wp-json\/wp\/v2\/users\/1"}],"replies":[{"embeddable":true,"href":"https:\/\/fcmorinheights.com\/fr\/wp-json\/wp\/v2\/comments?post=789"}],"version-history":[{"count":7,"href":"https:\/\/fcmorinheights.com\/fr\/wp-json\/wp\/v2\/pages\/789\/revisions"}],"predecessor-version":[{"id":853,"href":"https:\/\/fcmorinheights.com\/fr\/wp-json\/wp\/v2\/pages\/789\/revisions\/853"}],"wp:attachment":[{"href":"https:\/\/fcmorinheights.com\/fr\/wp-json\/wp\/v2\/media?parent=789"}],"curies":[{"name":"wp","href":"https:\/\/api.w.org\/{rel}","templated":true}]}}