{"id":788,"date":"2025-11-27T20:17:07","date_gmt":"2025-11-27T20:17:07","guid":{"rendered":"https:\/\/fcmorinheights.com\/?page_id=788"},"modified":"2025-11-27T20:52:21","modified_gmt":"2025-11-27T20:52:21","slug":"mcveigh","status":"publish","type":"page","link":"https:\/\/fcmorinheights.com\/fr\/mcveigh","title":{"rendered":"McVeigh"},"content":{"rendered":"<div data-elementor-type=\"wp-page\" data-elementor-id=\"788\" class=\"elementor elementor-788\">\n\t\t\t\t<div class=\"elementor-element elementor-element-ce368aa e-flex e-con-boxed e-con e-parent\" data-id=\"ce368aa\" data-element_type=\"container\">\n\t\t\t\t\t<div class=\"e-con-inner\">\n\t\t\t\t<div class=\"elementor-element elementor-element-59ed109 elementor-widget elementor-widget-image\" data-id=\"59ed109\" data-element_type=\"widget\" data-widget_type=\"image.default\">\n\t\t\t\t<div class=\"elementor-widget-container\">\n\t\t\t\t\t\t\t\t\t\t\t\t\t\t\t<img fetchpriority=\"high\" decoding=\"async\" width=\"600\" height=\"401\" src=\"https:\/\/fcmorinheights.com\/wp-content\/uploads\/2025\/02\/Construction-McVeigh_Clr.jpg\" class=\"attachment-large size-large wp-image-168\" alt=\"\" srcset=\"https:\/\/fcmorinheights.com\/wp-content\/uploads\/2025\/02\/Construction-McVeigh_Clr.jpg 600w, https:\/\/fcmorinheights.com\/wp-content\/uploads\/2025\/02\/Construction-McVeigh_Clr-300x201.jpg 300w\" sizes=\"(max-width: 600px) 100vw, 600px\" \/>\t\t\t\t\t\t\t\t\t\t\t\t\t\t\t<\/div>\n\t\t\t\t<\/div>\n\t\t\t\t<div class=\"elementor-element elementor-element-097aad3 elementor-widget elementor-widget-text-editor\" data-id=\"097aad3\" data-element_type=\"widget\" data-widget_type=\"text-editor.default\">\n\t\t\t\t<div class=\"elementor-widget-container\">\n\t\t\t\t\t\t\t\t\t<p>\ud83c\udfe1 Un immense merci \u00e0 Construction McVeigh, commanditaire principal du FC Morin-Heights et entreprise communautaire respect\u00e9e depuis 1992! Construction McVeigh est un entrepreneur g\u00e9n\u00e9ral sp\u00e9cialis\u00e9 dans la r\u00e9novation et la construction de maisons neuves dans les Laurentides \u2013 ils b\u00e2tissent notre communaut\u00e9! Nous tenons \u00e0 les remercier sinc\u00e8rement d'\u00eatre des piliers de Morin-Heights et des soutiens de notre club depuis de nombreuses ann\u00e9es. \ud83c\udfe1 \u26bd \ud83d\udee0\ufe0f<\/p><p><!-- \/wp:paragraph --><\/p>\t\t\t\t\t\t\t\t<\/div>\n\t\t\t\t<\/div>\n\t\t\t\t\t<\/div>\n\t\t\t\t<\/div>\n\t\t\t\t<\/div>","protected":false},"excerpt":{"rendered":"<p>\ud83c\udfe1 Our deepest thanks to Construction McVeigh, a leading sponsor of FC Morin-Heights and a respected community business since 1992! Construction McVeigh is a general contractor specializing in the renovation and construction of new homes in the Laurentians &#8212; they build our community! We want to thank them sincerely for being pillars of Morin-Heights, and [&hellip;]<\/p>","protected":false},"author":1,"featured_media":0,"parent":0,"menu_order":0,"comment_status":"closed","ping_status":"closed","template":"","meta":{"footnotes":""},"class_list":["post-788","page","type-page","status-publish","hentry"],"_links":{"self":[{"href":"https:\/\/fcmorinheights.com\/fr\/wp-json\/wp\/v2\/pages\/788","targetHints":{"allow":["GET"]}}],"collection":[{"href":"https:\/\/fcmorinheights.com\/fr\/wp-json\/wp\/v2\/pages"}],"about":[{"href":"https:\/\/fcmorinheights.com\/fr\/wp-json\/wp\/v2\/types\/page"}],"author":[{"embeddable":true,"href":"https:\/\/fcmorinheights.com\/fr\/wp-json\/wp\/v2\/users\/1"}],"replies":[{"embeddable":true,"href":"https:\/\/fcmorinheights.com\/fr\/wp-json\/wp\/v2\/comments?post=788"}],"version-history":[{"count":7,"href":"https:\/\/fcmorinheights.com\/fr\/wp-json\/wp\/v2\/pages\/788\/revisions"}],"predecessor-version":[{"id":850,"href":"https:\/\/fcmorinheights.com\/fr\/wp-json\/wp\/v2\/pages\/788\/revisions\/850"}],"wp:attachment":[{"href":"https:\/\/fcmorinheights.com\/fr\/wp-json\/wp\/v2\/media?parent=788"}],"curies":[{"name":"wp","href":"https:\/\/api.w.org\/{rel}","templated":true}]}}