{"id":787,"date":"2025-11-27T20:17:24","date_gmt":"2025-11-27T20:17:24","guid":{"rendered":"https:\/\/fcmorinheights.com\/?page_id=787"},"modified":"2025-11-27T20:51:48","modified_gmt":"2025-11-27T20:51:48","slug":"dml","status":"publish","type":"page","link":"https:\/\/fcmorinheights.com\/fr\/dml","title":{"rendered":"DML"},"content":{"rendered":"<div data-elementor-type=\"wp-page\" data-elementor-id=\"787\" class=\"elementor elementor-787\">\n\t\t\t\t<div class=\"elementor-element elementor-element-a4245d3 e-flex e-con-boxed e-con e-parent\" data-id=\"a4245d3\" data-element_type=\"container\">\n\t\t\t\t\t<div class=\"e-con-inner\">\n\t\t\t\t<div class=\"elementor-element elementor-element-5ab10af elementor-widget elementor-widget-image\" data-id=\"5ab10af\" data-element_type=\"widget\" data-widget_type=\"image.default\">\n\t\t\t\t<div class=\"elementor-widget-container\">\n\t\t\t\t\t\t\t\t\t\t\t\t\t\t\t<img fetchpriority=\"high\" decoding=\"async\" width=\"600\" height=\"539\" src=\"https:\/\/fcmorinheights.com\/wp-content\/uploads\/2025\/02\/DML-NOIR-BLACK.jpg\" class=\"attachment-medium_large size-medium_large wp-image-169\" alt=\"\" srcset=\"https:\/\/fcmorinheights.com\/wp-content\/uploads\/2025\/02\/DML-NOIR-BLACK.jpg 600w, https:\/\/fcmorinheights.com\/wp-content\/uploads\/2025\/02\/DML-NOIR-BLACK-300x270.jpg 300w\" sizes=\"(max-width: 600px) 100vw, 600px\" \/>\t\t\t\t\t\t\t\t\t\t\t\t\t\t\t<\/div>\n\t\t\t\t<\/div>\n\t\t\t\t<div class=\"elementor-element elementor-element-47e1fb7 elementor-widget elementor-widget-text-editor\" data-id=\"47e1fb7\" data-element_type=\"widget\" data-widget_type=\"text-editor.default\">\n\t\t\t\t<div class=\"elementor-widget-container\">\n\t\t\t\t\t\t\t\t\t<p>\ud83e\udde2 Un grand merci \u00e0 DML Creations, partenaire de choix du FC Morin-Heights\u00a0! Entreprise de Saint-J\u00e9r\u00f4me fond\u00e9e en 2011, DML propose des articles personnalis\u00e9s de haute qualit\u00e9 aux organisations, notamment des casquettes, des tuques, des \u00e9cussons et bien plus encore. Nous sommes ravis de les compter parmi les commanditaires de l\u2019\u00e9quipe et parmi les fournisseurs de nos magnifiques nouveaux produits d\u00e9riv\u00e9s du FC Morin-Heights\u00a0! \ud83e\udde2 \u26bd \ud83c\udfc3\u200d\u2642\ufe0f\u200d\u27a1\ufe0f<\/p><p><!-- \/wp:paragraph --><\/p>\t\t\t\t\t\t\t\t<\/div>\n\t\t\t\t<\/div>\n\t\t\t\t\t<\/div>\n\t\t\t\t<\/div>\n\t\t\t\t<\/div>","protected":false},"excerpt":{"rendered":"<p>\ud83e\udde2 Big appreciation to DML Creations, a top partner of FC Morin-Heights! DML is a St-Jerome business since 2011 that provides high-quality personal items for organizations, including caps, tuques, patches and more. We are lucky to have them as sponsors of the team, and as providers of our beautiful new F.C. Morin-Heights merchandise! \ud83e\udde2 \u26bd [&hellip;]<\/p>","protected":false},"author":1,"featured_media":0,"parent":0,"menu_order":0,"comment_status":"closed","ping_status":"closed","template":"","meta":{"footnotes":""},"class_list":["post-787","page","type-page","status-publish","hentry"],"_links":{"self":[{"href":"https:\/\/fcmorinheights.com\/fr\/wp-json\/wp\/v2\/pages\/787","targetHints":{"allow":["GET"]}}],"collection":[{"href":"https:\/\/fcmorinheights.com\/fr\/wp-json\/wp\/v2\/pages"}],"about":[{"href":"https:\/\/fcmorinheights.com\/fr\/wp-json\/wp\/v2\/types\/page"}],"author":[{"embeddable":true,"href":"https:\/\/fcmorinheights.com\/fr\/wp-json\/wp\/v2\/users\/1"}],"replies":[{"embeddable":true,"href":"https:\/\/fcmorinheights.com\/fr\/wp-json\/wp\/v2\/comments?post=787"}],"version-history":[{"count":7,"href":"https:\/\/fcmorinheights.com\/fr\/wp-json\/wp\/v2\/pages\/787\/revisions"}],"predecessor-version":[{"id":844,"href":"https:\/\/fcmorinheights.com\/fr\/wp-json\/wp\/v2\/pages\/787\/revisions\/844"}],"wp:attachment":[{"href":"https:\/\/fcmorinheights.com\/fr\/wp-json\/wp\/v2\/media?parent=787"}],"curies":[{"name":"wp","href":"https:\/\/api.w.org\/{rel}","templated":true}]}}