{"id":786,"date":"2025-11-27T20:17:37","date_gmt":"2025-11-27T20:17:37","guid":{"rendered":"https:\/\/fcmorinheights.com\/?page_id=786"},"modified":"2025-11-27T21:10:56","modified_gmt":"2025-11-27T21:10:56","slug":"chez-giardino","status":"publish","type":"page","link":"https:\/\/fcmorinheights.com\/fr\/chez-giardino","title":{"rendered":"Chez Giardino"},"content":{"rendered":"<div data-elementor-type=\"wp-page\" data-elementor-id=\"786\" class=\"elementor elementor-786\">\n\t\t\t\t<div class=\"elementor-element elementor-element-ad74eb2 e-flex e-con-boxed e-con e-parent\" data-id=\"ad74eb2\" data-element_type=\"container\">\n\t\t\t\t\t<div class=\"e-con-inner\">\n\t\t\t\t<div class=\"elementor-element elementor-element-1271b08 elementor-widget elementor-widget-image\" data-id=\"1271b08\" data-element_type=\"widget\" data-widget_type=\"image.default\">\n\t\t\t\t<div class=\"elementor-widget-container\">\n\t\t\t\t\t\t\t\t\t\t\t\t\t\t\t<img fetchpriority=\"high\" decoding=\"async\" width=\"600\" height=\"491\" src=\"https:\/\/fcmorinheights.com\/wp-content\/uploads\/2025\/11\/madewithlove-logovector1v3up-oval13.jpg\" class=\"attachment-large size-large wp-image-767\" alt=\"\" srcset=\"https:\/\/fcmorinheights.com\/wp-content\/uploads\/2025\/11\/madewithlove-logovector1v3up-oval13.jpg 600w, https:\/\/fcmorinheights.com\/wp-content\/uploads\/2025\/11\/madewithlove-logovector1v3up-oval13-300x246.jpg 300w, https:\/\/fcmorinheights.com\/wp-content\/uploads\/2025\/11\/madewithlove-logovector1v3up-oval13-15x12.jpg 15w\" sizes=\"(max-width: 600px) 100vw, 600px\" \/>\t\t\t\t\t\t\t\t\t\t\t\t\t\t\t<\/div>\n\t\t\t\t<\/div>\n\t\t\t\t<div class=\"elementor-element elementor-element-bd2f500 elementor-widget elementor-widget-text-editor\" data-id=\"bd2f500\" data-element_type=\"widget\" data-widget_type=\"text-editor.default\">\n\t\t\t\t<div class=\"elementor-widget-container\">\n\t\t\t\t\t\t\t\t\t<p>Un grand merci \u00e0 Chez Giardino, partenaire g\u00e9n\u00e9reux du FC Morin-Heights !<br \/>Entreprise locale de traiteur reconnue pour la qualit\u00e9 et la fra\u00eecheur de ses plats, Giardino accompagne nos \u00e9v\u00e9nements avec un service impeccable et des saveurs qui rassemblent. Leur soutien contribue \u00e0 faire de chaque f\u00eate du club un moment convivial et r\u00e9ussi. \ud83d\udc9a\u26bd\ud83c\udf7d\ufe0f<\/p><p><!-- \/wp:paragraph --><\/p>\t\t\t\t\t\t\t\t<\/div>\n\t\t\t\t<\/div>\n\t\t\t\t<div class=\"elementor-element elementor-element-804726c elementor-widget elementor-widget-image\" data-id=\"804726c\" data-element_type=\"widget\" data-widget_type=\"image.default\">\n\t\t\t\t<div class=\"elementor-widget-container\">\n\t\t\t\t\t\t\t\t\t\t\t\t\t\t\t<img decoding=\"async\" width=\"800\" height=\"542\" src=\"https:\/\/fcmorinheights.com\/wp-content\/uploads\/2025\/11\/557657914_1386014316866158_5676384566438152453_n-1024x694.jpg\" class=\"attachment-large size-large wp-image-877\" alt=\"\" srcset=\"https:\/\/fcmorinheights.com\/wp-content\/uploads\/2025\/11\/557657914_1386014316866158_5676384566438152453_n-1024x694.jpg 1024w, https:\/\/fcmorinheights.com\/wp-content\/uploads\/2025\/11\/557657914_1386014316866158_5676384566438152453_n-300x203.jpg 300w, https:\/\/fcmorinheights.com\/wp-content\/uploads\/2025\/11\/557657914_1386014316866158_5676384566438152453_n-768x520.jpg 768w, https:\/\/fcmorinheights.com\/wp-content\/uploads\/2025\/11\/557657914_1386014316866158_5676384566438152453_n-1536x1041.jpg 1536w, https:\/\/fcmorinheights.com\/wp-content\/uploads\/2025\/11\/557657914_1386014316866158_5676384566438152453_n-18x12.jpg 18w, https:\/\/fcmorinheights.com\/wp-content\/uploads\/2025\/11\/557657914_1386014316866158_5676384566438152453_n.jpg 2015w\" sizes=\"(max-width: 800px) 100vw, 800px\" \/>\t\t\t\t\t\t\t\t\t\t\t\t\t\t\t<\/div>\n\t\t\t\t<\/div>\n\t\t\t\t<div class=\"elementor-element elementor-element-01e4e48 elementor-widget elementor-widget-image\" data-id=\"01e4e48\" data-element_type=\"widget\" data-widget_type=\"image.default\">\n\t\t\t\t<div class=\"elementor-widget-container\">\n\t\t\t\t\t\t\t\t\t\t\t\t\t\t\t<img decoding=\"async\" width=\"800\" height=\"642\" src=\"https:\/\/fcmorinheights.com\/wp-content\/uploads\/2025\/11\/568829339_1585138296060652_2803963349463155871_n-1024x822.jpg\" class=\"attachment-large size-large wp-image-864\" alt=\"\" srcset=\"https:\/\/fcmorinheights.com\/wp-content\/uploads\/2025\/11\/568829339_1585138296060652_2803963349463155871_n-1024x822.jpg 1024w, https:\/\/fcmorinheights.com\/wp-content\/uploads\/2025\/11\/568829339_1585138296060652_2803963349463155871_n-300x241.jpg 300w, https:\/\/fcmorinheights.com\/wp-content\/uploads\/2025\/11\/568829339_1585138296060652_2803963349463155871_n-768x617.jpg 768w, https:\/\/fcmorinheights.com\/wp-content\/uploads\/2025\/11\/568829339_1585138296060652_2803963349463155871_n-1536x1233.jpg 1536w, https:\/\/fcmorinheights.com\/wp-content\/uploads\/2025\/11\/568829339_1585138296060652_2803963349463155871_n-15x12.jpg 15w, https:\/\/fcmorinheights.com\/wp-content\/uploads\/2025\/11\/568829339_1585138296060652_2803963349463155871_n.jpg 1704w\" sizes=\"(max-width: 800px) 100vw, 800px\" \/>\t\t\t\t\t\t\t\t\t\t\t\t\t\t\t<\/div>\n\t\t\t\t<\/div>\n\t\t\t\t\t<\/div>\n\t\t\t\t<\/div>\n\t\t\t\t<\/div>","protected":false},"excerpt":{"rendered":"<p>A big thank you to Chez Giardino, a generous partner of FC Morin-Heights!This local catering service is known for the quality and freshness of its dishes, helping make our club events memorable and full of flavor. Their support ensures every celebration is a success and a true community moment. \ud83d\udc9a\u26bd\ud83c\udf7d\ufe0f<\/p>","protected":false},"author":1,"featured_media":0,"parent":0,"menu_order":0,"comment_status":"closed","ping_status":"closed","template":"","meta":{"footnotes":""},"class_list":["post-786","page","type-page","status-publish","hentry"],"_links":{"self":[{"href":"https:\/\/fcmorinheights.com\/fr\/wp-json\/wp\/v2\/pages\/786","targetHints":{"allow":["GET"]}}],"collection":[{"href":"https:\/\/fcmorinheights.com\/fr\/wp-json\/wp\/v2\/pages"}],"about":[{"href":"https:\/\/fcmorinheights.com\/fr\/wp-json\/wp\/v2\/types\/page"}],"author":[{"embeddable":true,"href":"https:\/\/fcmorinheights.com\/fr\/wp-json\/wp\/v2\/users\/1"}],"replies":[{"embeddable":true,"href":"https:\/\/fcmorinheights.com\/fr\/wp-json\/wp\/v2\/comments?post=786"}],"version-history":[{"count":13,"href":"https:\/\/fcmorinheights.com\/fr\/wp-json\/wp\/v2\/pages\/786\/revisions"}],"predecessor-version":[{"id":880,"href":"https:\/\/fcmorinheights.com\/fr\/wp-json\/wp\/v2\/pages\/786\/revisions\/880"}],"wp:attachment":[{"href":"https:\/\/fcmorinheights.com\/fr\/wp-json\/wp\/v2\/media?parent=786"}],"curies":[{"name":"wp","href":"https:\/\/api.w.org\/{rel}","templated":true}]}}