{"id":784,"date":"2025-11-27T20:16:27","date_gmt":"2025-11-27T20:16:27","guid":{"rendered":"https:\/\/fcmorinheights.com\/?page_id=784"},"modified":"2025-11-27T20:52:04","modified_gmt":"2025-11-27T20:52:04","slug":"fbl","status":"publish","type":"page","link":"https:\/\/fcmorinheights.com\/fr\/fbl","title":{"rendered":"FBL"},"content":{"rendered":"<div data-elementor-type=\"wp-page\" data-elementor-id=\"784\" class=\"elementor elementor-784\">\n\t\t\t\t<div class=\"elementor-element elementor-element-b22bf6c e-flex e-con-boxed e-con e-parent\" data-id=\"b22bf6c\" data-element_type=\"container\">\n\t\t\t\t\t<div class=\"e-con-inner\">\n\t\t\t\t<div class=\"elementor-element elementor-element-c9dfff3 elementor-widget elementor-widget-image\" data-id=\"c9dfff3\" data-element_type=\"widget\" data-widget_type=\"image.default\">\n\t\t\t\t<div class=\"elementor-widget-container\">\n\t\t\t\t\t\t\t\t\t\t\t\t\t\t\t<img fetchpriority=\"high\" decoding=\"async\" width=\"600\" height=\"245\" src=\"https:\/\/fcmorinheights.com\/wp-content\/uploads\/2025\/02\/FBL_LogoFR.jpg\" class=\"attachment-large size-large wp-image-170\" alt=\"\" srcset=\"https:\/\/fcmorinheights.com\/wp-content\/uploads\/2025\/02\/FBL_LogoFR.jpg 600w, https:\/\/fcmorinheights.com\/wp-content\/uploads\/2025\/02\/FBL_LogoFR-300x123.jpg 300w\" sizes=\"(max-width: 600px) 100vw, 600px\" \/>\t\t\t\t\t\t\t\t\t\t\t\t\t\t\t<\/div>\n\t\t\t\t<\/div>\n\t\t\t\t<div class=\"elementor-element elementor-element-15d64cd elementor-widget elementor-widget-text-editor\" data-id=\"15d64cd\" data-element_type=\"widget\" data-widget_type=\"text-editor.default\">\n\t\t\t\t<div class=\"elementor-widget-container\">\n\t\t\t\t\t\t\t\t\t<p>\ud83d\udd22 Nous remercions chaleureusement notre commanditaire FBL, qui soutient notre club de soccer en lui fournissant des services comptables depuis de nombreuses ann\u00e9es! FBL est en affaires depuis 1981 et offre des services aux entreprises par l'entremise de dix bureaux partout au Qu\u00e9bec, dont celui de Saint-Sauveur. Merci de faire partie de notre \u00e9quipe, FBL! \ud83d\udd22 \u26bd \ud83e\ude75<\/p><p><!-- \/wp:paragraph --><\/p>\t\t\t\t\t\t\t\t<\/div>\n\t\t\t\t<\/div>\n\t\t\t\t\t<\/div>\n\t\t\t\t<\/div>\n\t\t\t\t<\/div>","protected":false},"excerpt":{"rendered":"<p>\ud83d\udd22 Nous remercions chaleureusement notre commanditaire FBL, qui soutient notre club de soccer en lui fournissant des services comptables depuis de nombreuses ann\u00e9es! FBL est en affaires depuis 1981 et offre des services aux entreprises par l'entremise de dix bureaux partout au Qu\u00e9bec, dont celui de Saint-Sauveur. Merci de faire partie de notre \u00e9quipe, FBL! \ud83d\udd22 \u26bd \ud83e\ude75<\/p>","protected":false},"author":1,"featured_media":0,"parent":0,"menu_order":0,"comment_status":"closed","ping_status":"closed","template":"","meta":{"footnotes":""},"class_list":["post-784","page","type-page","status-publish","hentry"],"_links":{"self":[{"href":"https:\/\/fcmorinheights.com\/fr\/wp-json\/wp\/v2\/pages\/784","targetHints":{"allow":["GET"]}}],"collection":[{"href":"https:\/\/fcmorinheights.com\/fr\/wp-json\/wp\/v2\/pages"}],"about":[{"href":"https:\/\/fcmorinheights.com\/fr\/wp-json\/wp\/v2\/types\/page"}],"author":[{"embeddable":true,"href":"https:\/\/fcmorinheights.com\/fr\/wp-json\/wp\/v2\/users\/1"}],"replies":[{"embeddable":true,"href":"https:\/\/fcmorinheights.com\/fr\/wp-json\/wp\/v2\/comments?post=784"}],"version-history":[{"count":7,"href":"https:\/\/fcmorinheights.com\/fr\/wp-json\/wp\/v2\/pages\/784\/revisions"}],"predecessor-version":[{"id":847,"href":"https:\/\/fcmorinheights.com\/fr\/wp-json\/wp\/v2\/pages\/784\/revisions\/847"}],"wp:attachment":[{"href":"https:\/\/fcmorinheights.com\/fr\/wp-json\/wp\/v2\/media?parent=784"}],"curies":[{"name":"wp","href":"https:\/\/api.w.org\/{rel}","templated":true}]}}