{"id":779,"date":"2025-11-27T20:14:23","date_gmt":"2025-11-27T20:14:23","guid":{"rendered":"https:\/\/fcmorinheights.com\/?page_id=779"},"modified":"2025-11-27T21:10:38","modified_gmt":"2025-11-27T21:10:38","slug":"our-sponsors-2","status":"publish","type":"page","link":"https:\/\/fcmorinheights.com\/fr\/our-sponsors-2","title":{"rendered":"Carruthers"},"content":{"rendered":"<div data-elementor-type=\"wp-page\" data-elementor-id=\"779\" class=\"elementor elementor-779\">\n\t\t\t\t<div class=\"elementor-element elementor-element-c76c790 e-flex e-con-boxed e-con e-parent\" data-id=\"c76c790\" data-element_type=\"container\">\n\t\t\t\t\t<div class=\"e-con-inner\">\n\t\t\t\t<div class=\"elementor-element elementor-element-51bd6fb elementor-widget elementor-widget-image\" data-id=\"51bd6fb\" data-element_type=\"widget\" data-widget_type=\"image.default\">\n\t\t\t\t<div class=\"elementor-widget-container\">\n\t\t\t\t\t\t\t\t\t\t\t\t\t\t\t<img fetchpriority=\"high\" decoding=\"async\" width=\"600\" height=\"323\" src=\"https:\/\/fcmorinheights.com\/wp-content\/uploads\/2025\/02\/carruthers_logo.jpg\" class=\"attachment-large size-large wp-image-167\" alt=\"\" srcset=\"https:\/\/fcmorinheights.com\/wp-content\/uploads\/2025\/02\/carruthers_logo.jpg 600w, https:\/\/fcmorinheights.com\/wp-content\/uploads\/2025\/02\/carruthers_logo-300x162.jpg 300w\" sizes=\"(max-width: 600px) 100vw, 600px\" \/>\t\t\t\t\t\t\t\t\t\t\t\t\t\t\t<\/div>\n\t\t\t\t<\/div>\n\t\t\t\t<div class=\"elementor-element elementor-element-c6b26ca elementor-widget elementor-widget-text-editor\" data-id=\"c6b26ca\" data-element_type=\"widget\" data-widget_type=\"text-editor.default\">\n\t\t\t\t<div class=\"elementor-widget-container\">\n\t\t\t\t\t\t\t\t\t<p>Un grand merci \u00e0 Carruthers pour son soutien ind\u00e9fectible envers le FC Morin-Heights !<\/p>\n<p>Entreprise locale sp\u00e9cialis\u00e9e en d\u00e9neigement et entretien saisonnier, Carruthers veille \u00e0 garder nos routes et acc\u00e8s s\u00e9curitaires tout au long de l\u2019hiver. Leur engagement envers la communaut\u00e9 et leur appui au sport local t\u00e9moignent de leur profond attachement \u00e0 Morin-Heights. \ud83c\udf32\u26bd\u2744\ufe0f<\/p>\n<p><!-- \/wp:paragraph --><\/p>\t\t\t\t\t\t\t\t<\/div>\n\t\t\t\t<\/div>\n\t\t\t\t<div class=\"elementor-element elementor-element-812e58b elementor-widget elementor-widget-image\" data-id=\"812e58b\" data-element_type=\"widget\" data-widget_type=\"image.default\">\n\t\t\t\t<div class=\"elementor-widget-container\">\n\t\t\t\t\t\t\t\t\t\t\t\t\t\t\t<img decoding=\"async\" width=\"800\" height=\"412\" src=\"https:\/\/fcmorinheights.com\/wp-content\/uploads\/2025\/11\/558878725_1386013220199601_41202403925081528_n-1024x527.jpg\" class=\"attachment-large size-large wp-image-873\" alt=\"\" srcset=\"https:\/\/fcmorinheights.com\/wp-content\/uploads\/2025\/11\/558878725_1386013220199601_41202403925081528_n-1024x527.jpg 1024w, https:\/\/fcmorinheights.com\/wp-content\/uploads\/2025\/11\/558878725_1386013220199601_41202403925081528_n-300x154.jpg 300w, https:\/\/fcmorinheights.com\/wp-content\/uploads\/2025\/11\/558878725_1386013220199601_41202403925081528_n-768x395.jpg 768w, https:\/\/fcmorinheights.com\/wp-content\/uploads\/2025\/11\/558878725_1386013220199601_41202403925081528_n-1536x791.jpg 1536w, https:\/\/fcmorinheights.com\/wp-content\/uploads\/2025\/11\/558878725_1386013220199601_41202403925081528_n-18x9.jpg 18w, https:\/\/fcmorinheights.com\/wp-content\/uploads\/2025\/11\/558878725_1386013220199601_41202403925081528_n.jpg 2048w\" sizes=\"(max-width: 800px) 100vw, 800px\" \/>\t\t\t\t\t\t\t\t\t\t\t\t\t\t\t<\/div>\n\t\t\t\t<\/div>\n\t\t\t\t\t<\/div>\n\t\t\t\t<\/div>\n\t\t\t\t<\/div>","protected":false},"excerpt":{"rendered":"<p>A huge thank you to Carruthers for their ongoing support of FC Morin-Heights! As a local snow removal and seasonal maintenance company, Carruthers keeps our roads and access points safe throughout the winter. Their commitment to the community and support for local sports truly reflect their dedication to Morin-Heights. \ud83c\udf32\u26bd\u2744\ufe0f<\/p>","protected":false},"author":1,"featured_media":0,"parent":0,"menu_order":0,"comment_status":"closed","ping_status":"closed","template":"","meta":{"footnotes":""},"class_list":["post-779","page","type-page","status-publish","hentry"],"_links":{"self":[{"href":"https:\/\/fcmorinheights.com\/fr\/wp-json\/wp\/v2\/pages\/779","targetHints":{"allow":["GET"]}}],"collection":[{"href":"https:\/\/fcmorinheights.com\/fr\/wp-json\/wp\/v2\/pages"}],"about":[{"href":"https:\/\/fcmorinheights.com\/fr\/wp-json\/wp\/v2\/types\/page"}],"author":[{"embeddable":true,"href":"https:\/\/fcmorinheights.com\/fr\/wp-json\/wp\/v2\/users\/1"}],"replies":[{"embeddable":true,"href":"https:\/\/fcmorinheights.com\/fr\/wp-json\/wp\/v2\/comments?post=779"}],"version-history":[{"count":10,"href":"https:\/\/fcmorinheights.com\/fr\/wp-json\/wp\/v2\/pages\/779\/revisions"}],"predecessor-version":[{"id":876,"href":"https:\/\/fcmorinheights.com\/fr\/wp-json\/wp\/v2\/pages\/779\/revisions\/876"}],"wp:attachment":[{"href":"https:\/\/fcmorinheights.com\/fr\/wp-json\/wp\/v2\/media?parent=779"}],"curies":[{"name":"wp","href":"https:\/\/api.w.org\/{rel}","templated":true}]}}