{"id":772,"date":"2025-11-27T20:12:16","date_gmt":"2025-11-27T20:12:16","guid":{"rendered":"https:\/\/fcmorinheights.com\/?page_id=772"},"modified":"2025-11-27T21:10:24","modified_gmt":"2025-11-27T21:10:24","slug":"iga","status":"publish","type":"page","link":"https:\/\/fcmorinheights.com\/fr\/iga","title":{"rendered":"IGA"},"content":{"rendered":"<div data-elementor-type=\"wp-page\" data-elementor-id=\"772\" class=\"elementor elementor-772\">\n\t\t\t\t<div class=\"elementor-element elementor-element-7c0aa1fd e-flex e-con-boxed e-con e-parent\" data-id=\"7c0aa1fd\" data-element_type=\"container\">\n\t\t\t\t\t<div class=\"e-con-inner\">\n\t\t\t\t<div class=\"elementor-element elementor-element-449fbbc elementor-widget elementor-widget-image\" data-id=\"449fbbc\" data-element_type=\"widget\" data-widget_type=\"image.default\">\n\t\t\t\t<div class=\"elementor-widget-container\">\n\t\t\t\t\t\t\t\t\t\t\t\t\t\t\t<img fetchpriority=\"high\" decoding=\"async\" width=\"800\" height=\"516\" src=\"https:\/\/fcmorinheights.com\/wp-content\/uploads\/2025\/02\/logo-IGA-2025-1.jpg\" class=\"attachment-large size-large wp-image-172\" alt=\"\" \/>\t\t\t\t\t\t\t\t\t\t\t\t\t\t\t<\/div>\n\t\t\t\t<\/div>\n\t\t\t\t<div class=\"elementor-element elementor-element-1262b026 elementor-widget elementor-widget-text-editor\" data-id=\"1262b026\" data-element_type=\"widget\" data-widget_type=\"text-editor.default\">\n\t\t\t\t<div class=\"elementor-widget-container\">\n\t\t\t\t\t\t\t\t\t<p>\ud83d\uded2 Merci \u00e0 notre pr\u00e9cieux commanditaire : IGA Morin-Heights<br \/>Depuis de nombreuses ann\u00e9es, IGA Morin-Heights est bien plus qu\u2019une simple \u00e9picerie : c\u2019est un v\u00e9ritable pilier de notre communaut\u00e9. Situ\u00e9e au c\u0153ur du village, cette \u00e9picerie familiale offre non seulement des produits frais, locaux et vari\u00e9s, mais elle joue aussi un r\u00f4le actif dans la vie sociale et sportive de notre r\u00e9gion.<br \/>Toujours pr\u00eate \u00e0 soutenir les initiatives locales, l\u2019\u00e9quipe du IGA Morin-Heights appuie g\u00e9n\u00e9reusement le club de soccer FC Morin-Heights, contribuant ainsi \u00e0 encourager nos jeunes athl\u00e8tes, \u00e0 promouvoir les saines habitudes de vie, et \u00e0 renforcer le tissu communautaire qui nous unit tous.<br \/>Leur implication constante \u2014 que ce soit en nous commanditant ou en facilitant des lev\u00e9es de fonds \u2014 t\u00e9moigne d\u2019un v\u00e9ritable engagement envers les familles de notre village.<br \/>Au nom de tous les joueurs, entra\u00eeneurs, b\u00e9n\u00e9voles et parents du club, un immense merci au IGA Morin-Heights pour sa fid\u00e9lit\u00e9 et son soutien ind\u00e9fectible. \u26bd\u2764\ufe0f<\/p><p><!-- \/wp:paragraph --><\/p>\t\t\t\t\t\t\t\t<\/div>\n\t\t\t\t<\/div>\n\t\t\t\t<div class=\"elementor-element elementor-element-2502b51 elementor-widget elementor-widget-image\" data-id=\"2502b51\" data-element_type=\"widget\" data-widget_type=\"image.default\">\n\t\t\t\t<div class=\"elementor-widget-container\">\n\t\t\t\t\t\t\t\t\t\t\t\t\t\t\t<img decoding=\"async\" width=\"800\" height=\"355\" src=\"https:\/\/fcmorinheights.com\/wp-content\/uploads\/2025\/11\/561348848_1385996690201254_8505576648116034319_n-1024x454.jpg\" class=\"attachment-large size-large wp-image-869\" alt=\"\" srcset=\"https:\/\/fcmorinheights.com\/wp-content\/uploads\/2025\/11\/561348848_1385996690201254_8505576648116034319_n-1024x454.jpg 1024w, https:\/\/fcmorinheights.com\/wp-content\/uploads\/2025\/11\/561348848_1385996690201254_8505576648116034319_n-300x133.jpg 300w, https:\/\/fcmorinheights.com\/wp-content\/uploads\/2025\/11\/561348848_1385996690201254_8505576648116034319_n-768x341.jpg 768w, https:\/\/fcmorinheights.com\/wp-content\/uploads\/2025\/11\/561348848_1385996690201254_8505576648116034319_n-1536x682.jpg 1536w, https:\/\/fcmorinheights.com\/wp-content\/uploads\/2025\/11\/561348848_1385996690201254_8505576648116034319_n-2048x909.jpg 2048w, https:\/\/fcmorinheights.com\/wp-content\/uploads\/2025\/11\/561348848_1385996690201254_8505576648116034319_n-18x8.jpg 18w\" sizes=\"(max-width: 800px) 100vw, 800px\" \/>\t\t\t\t\t\t\t\t\t\t\t\t\t\t\t<\/div>\n\t\t\t\t<\/div>\n\t\t\t\t\t<\/div>\n\t\t\t\t<\/div>\n\t\t\t\t<\/div>","protected":false},"excerpt":{"rendered":"<p>\ud83d\uded2 Thank You to Our Valued Sponsor: IGA Morin-HeightsFor many years, IGA Morin-Heights has been more than just a grocery store \u2014 it\u2019s a true pillar of our community. Located in the heart of the village, this family-run store offers fresh, local, and diverse products, while also playing an active role in the social and [&hellip;]<\/p>","protected":false},"author":1,"featured_media":0,"parent":0,"menu_order":0,"comment_status":"closed","ping_status":"closed","template":"","meta":{"footnotes":""},"class_list":["post-772","page","type-page","status-publish","hentry"],"_links":{"self":[{"href":"https:\/\/fcmorinheights.com\/fr\/wp-json\/wp\/v2\/pages\/772","targetHints":{"allow":["GET"]}}],"collection":[{"href":"https:\/\/fcmorinheights.com\/fr\/wp-json\/wp\/v2\/pages"}],"about":[{"href":"https:\/\/fcmorinheights.com\/fr\/wp-json\/wp\/v2\/types\/page"}],"author":[{"embeddable":true,"href":"https:\/\/fcmorinheights.com\/fr\/wp-json\/wp\/v2\/users\/1"}],"replies":[{"embeddable":true,"href":"https:\/\/fcmorinheights.com\/fr\/wp-json\/wp\/v2\/comments?post=772"}],"version-history":[{"count":10,"href":"https:\/\/fcmorinheights.com\/fr\/wp-json\/wp\/v2\/pages\/772\/revisions"}],"predecessor-version":[{"id":872,"href":"https:\/\/fcmorinheights.com\/fr\/wp-json\/wp\/v2\/pages\/772\/revisions\/872"}],"wp:attachment":[{"href":"https:\/\/fcmorinheights.com\/fr\/wp-json\/wp\/v2\/media?parent=772"}],"curies":[{"name":"wp","href":"https:\/\/api.w.org\/{rel}","templated":true}]}}