{"id":764,"date":"2025-11-27T20:02:31","date_gmt":"2025-11-27T20:02:31","guid":{"rendered":"https:\/\/fcmorinheights.com\/?page_id=764"},"modified":"2025-11-27T20:59:16","modified_gmt":"2025-11-27T20:59:16","slug":"our-sponsors","status":"publish","type":"page","link":"https:\/\/fcmorinheights.com\/fr\/our-sponsors","title":{"rendered":"Commanditaires"},"content":{"rendered":"<div data-elementor-type=\"wp-page\" data-elementor-id=\"764\" class=\"elementor elementor-764\">\n\t\t\t\t<div class=\"elementor-element elementor-element-7c0aa1fd e-flex e-con-boxed e-con e-parent\" data-id=\"7c0aa1fd\" data-element_type=\"container\">\n\t\t\t\t\t<div class=\"e-con-inner\">\n\t\t\t\t<div class=\"elementor-element elementor-element-c725064 elementor-widget elementor-widget-heading\" data-id=\"c725064\" data-element_type=\"widget\" data-widget_type=\"heading.default\">\n\t\t\t\t<div class=\"elementor-widget-container\">\n\t\t\t\t\t<h2 class=\"elementor-heading-title elementor-size-default\">Devenez partenaire du FC Morin-Heights<\/h2>\t\t\t\t<\/div>\n\t\t\t\t<\/div>\n\t\t\t\t<div class=\"elementor-element elementor-element-42beca3 elementor-widget elementor-widget-image\" data-id=\"42beca3\" data-element_type=\"widget\" data-widget_type=\"image.default\">\n\t\t\t\t<div class=\"elementor-widget-container\">\n\t\t\t\t\t\t\t\t\t\t\t\t\t\t\t<img fetchpriority=\"high\" decoding=\"async\" width=\"800\" height=\"534\" src=\"https:\/\/fcmorinheights.com\/wp-content\/uploads\/2025\/11\/1279438174190440-1024x683.jpg\" class=\"attachment-large size-large wp-image-854\" alt=\"\" srcset=\"https:\/\/fcmorinheights.com\/wp-content\/uploads\/2025\/11\/1279438174190440-1024x683.jpg 1024w, https:\/\/fcmorinheights.com\/wp-content\/uploads\/2025\/11\/1279438174190440-300x200.jpg 300w, https:\/\/fcmorinheights.com\/wp-content\/uploads\/2025\/11\/1279438174190440-768x512.jpg 768w, https:\/\/fcmorinheights.com\/wp-content\/uploads\/2025\/11\/1279438174190440-1536x1024.jpg 1536w, https:\/\/fcmorinheights.com\/wp-content\/uploads\/2025\/11\/1279438174190440-18x12.jpg 18w, https:\/\/fcmorinheights.com\/wp-content\/uploads\/2025\/11\/1279438174190440.jpg 2048w\" sizes=\"(max-width: 800px) 100vw, 800px\" \/>\t\t\t\t\t\t\t\t\t\t\t\t\t\t\t<\/div>\n\t\t\t\t<\/div>\n\t\t\t\t<div class=\"elementor-element elementor-element-1262b026 elementor-widget elementor-widget-text-editor\" data-id=\"1262b026\" data-element_type=\"widget\" data-widget_type=\"text-editor.default\">\n\t\t\t\t<div class=\"elementor-widget-container\">\n\t\t\t\t\t\t\t\t\t<p data-start=\"1331\" data-end=\"1587\">Le FC Morin-Heights est toujours \u00e0 la recherche de partenaires engag\u00e9s pour soutenir le d\u00e9veloppement du soccer dans notre communaut\u00e9. En devenant commanditaire, vous contribuez directement \u00e0 offrir aux jeunes athl\u00e8tes un environnement sportif dynamique, inclusif et structur\u00e9.\n\nNos partenariats s\u2019inscrivent dans des engagements de trois ans, avec diff\u00e9rents niveaux de participation adapt\u00e9s aux r\u00e9alit\u00e9s et objectifs de chaque entreprise. Selon la tranche choisie, votre logo pourra \u00eatre mis de l\u2019avant sur l\u2019ensemble de nos supports marketing, ainsi que sur les uniformes de nos joueuses et joueurs.<\/p><p data-start=\"1589\" data-end=\"1870\">Si vous souhaitez en savoir davantage <strong data-start=\"1619\" data-end=\"1645\">sur nos formules<\/strong>de <strong data-start=\"1652\" data-end=\"1684\">commandite<\/strong> ou discuter d\u2019un <strong data-start=\"1805\" data-end=\"1828\">partenariat sur mesure,<\/strong>nous vous invitons \u00e0 nous contacter. <strong data-start=\"1848\" data-end=\"1869\">Il nous fera plaisir de vous accompagner.<\/strong>.<\/p><p data-start=\"1872\" data-end=\"2036\">Nous vous encourageons \u00e9galement \u00e0 parcourir <strong data-start=\"1982\" data-end=\"2003\">la liste de<\/strong>nos commanditaires actuels,<\/p><p data-start=\"2038\" data-end=\"2214\">accessible via le menu, <strong data-start=\"2063\" data-end=\"2094\">les entreprises qui contribuent d\u00e9j\u00e0 \u00e0 faire grandir le FC Morin-Heights.<\/strong>, available through the website menu, to discover the businesses already contributing to the growth of FC Morin-Heights.<\/p><p><!-- \/wp:paragraph --><\/p>\t\t\t\t\t\t\t\t<\/div>\n\t\t\t\t<\/div>\n\t\t<div class=\"elementor-element elementor-element-c3c27bf e-con-full e-flex e-con e-child\" data-id=\"c3c27bf\" data-element_type=\"container\">\n\t\t\t\t<div class=\"elementor-element elementor-element-6cd3245 elementor-widget elementor-widget-elementskit-heading\" data-id=\"6cd3245\" data-element_type=\"widget\" data-widget_type=\"elementskit-heading.default\">\n\t\t\t\t<div class=\"elementor-widget-container\">\n\t\t\t\t\t<div class=\"ekit-wid-con\" ><div class=\"ekit-heading elementskit-section-title-wraper text_center   ekit_heading_tablet-text_center   ekit_heading_mobile-text_left\"><h2 class=\"elementskit-section-subtitle\">\n\t\t\t\t\t\tCommanditaires\n\t\t\t\t\t<\/h2><h2 class=\"ekit-heading--title elementskit-section-title\">Contactez-nous si vous voulez, vous aussi, faire une diff\u00e9rence dans notre communaut\u00e9.<\/h2><\/div><\/div>\t\t\t\t<\/div>\n\t\t\t\t<\/div>\n\t\t\t\t<div class=\"elementor-element elementor-element-9968666 elementor-widget elementor-widget-image-carousel\" data-id=\"9968666\" data-element_type=\"widget\" data-settings=\"{&quot;slides_to_show&quot;:&quot;6&quot;,&quot;slides_to_scroll&quot;:&quot;1&quot;,&quot;navigation&quot;:&quot;none&quot;,&quot;image_spacing_custom&quot;:{&quot;unit&quot;:&quot;px&quot;,&quot;size&quot;:50,&quot;sizes&quot;:[]},&quot;image_spacing_custom_tablet&quot;:{&quot;unit&quot;:&quot;em&quot;,&quot;size&quot;:&quot;&quot;,&quot;sizes&quot;:[]},&quot;image_spacing_custom_mobile&quot;:{&quot;unit&quot;:&quot;em&quot;,&quot;size&quot;:&quot;&quot;,&quot;sizes&quot;:[]},&quot;slides_to_show_tablet&quot;:&quot;6&quot;,&quot;slides_to_show_mobile&quot;:&quot;3&quot;,&quot;autoplay_speed&quot;:1000,&quot;speed&quot;:1000,&quot;autoplay&quot;:&quot;yes&quot;,&quot;pause_on_hover&quot;:&quot;yes&quot;,&quot;pause_on_interaction&quot;:&quot;yes&quot;,&quot;infinite&quot;:&quot;yes&quot;}\" data-widget_type=\"image-carousel.default\">\n\t\t\t\t<div class=\"elementor-widget-container\">\n\t\t\t\t\t\t\t<div class=\"elementor-image-carousel-wrapper swiper\" role=\"region\" aria-roledescription=\"carousel\" aria-label=\"Image Carousel\" dir=\"ltr\">\n\t\t\t<div class=\"elementor-image-carousel swiper-wrapper\" aria-live=\"off\">\n\t\t\t\t\t\t\t\t<div class=\"swiper-slide\" role=\"group\" aria-roledescription=\"slide\" aria-label=\"1 of 8\"><figure class=\"swiper-slide-inner\"><img decoding=\"async\" class=\"swiper-slide-image\" src=\"https:\/\/fcmorinheights.com\/wp-content\/uploads\/2025\/02\/CafeMickeys_logo_badge_foret.jpg\" alt=\"CafeMickeys_logo_badge_foret\" \/><\/figure><\/div><div class=\"swiper-slide\" role=\"group\" aria-roledescription=\"slide\" aria-label=\"2 of 8\"><figure class=\"swiper-slide-inner\"><img decoding=\"async\" class=\"swiper-slide-image\" src=\"https:\/\/fcmorinheights.com\/wp-content\/uploads\/2025\/02\/carruthers_logo.jpg\" alt=\"carruthers_logo\" \/><\/figure><\/div><div class=\"swiper-slide\" role=\"group\" aria-roledescription=\"slide\" aria-label=\"3 of 8\"><figure class=\"swiper-slide-inner\"><img decoding=\"async\" class=\"swiper-slide-image\" src=\"https:\/\/fcmorinheights.com\/wp-content\/uploads\/2025\/02\/Construction-McVeigh_Clr.jpg\" alt=\"Print\" \/><\/figure><\/div><div class=\"swiper-slide\" role=\"group\" aria-roledescription=\"slide\" aria-label=\"4 of 8\"><figure class=\"swiper-slide-inner\"><img decoding=\"async\" class=\"swiper-slide-image\" src=\"https:\/\/fcmorinheights.com\/wp-content\/uploads\/2025\/02\/DML-NOIR-BLACK.jpg\" alt=\"DML-NOIR - BLACK\" \/><\/figure><\/div><div class=\"swiper-slide\" role=\"group\" aria-roledescription=\"slide\" aria-label=\"5 of 8\"><figure class=\"swiper-slide-inner\"><img decoding=\"async\" class=\"swiper-slide-image\" src=\"https:\/\/fcmorinheights.com\/wp-content\/uploads\/2025\/02\/FBL_LogoFR.jpg\" alt=\"FBL_LogosFinaux_De\u0301clinaisons\" \/><\/figure><\/div><div class=\"swiper-slide\" role=\"group\" aria-roledescription=\"slide\" aria-label=\"6 of 8\"><figure class=\"swiper-slide-inner\"><img decoding=\"async\" class=\"swiper-slide-image\" src=\"https:\/\/fcmorinheights.com\/wp-content\/uploads\/2025\/02\/Identite_visuel.jpg\" alt=\"Identite_visuel\" \/><\/figure><\/div><div class=\"swiper-slide\" role=\"group\" aria-roledescription=\"slide\" aria-label=\"7 of 8\"><figure class=\"swiper-slide-inner\"><img decoding=\"async\" class=\"swiper-slide-image\" src=\"https:\/\/fcmorinheights.com\/wp-content\/uploads\/2025\/02\/logo-IGA-2025-1.jpg\" alt=\"logo articles promo\" \/><\/figure><\/div><div class=\"swiper-slide\" role=\"group\" aria-roledescription=\"slide\" aria-label=\"8 of 8\"><figure class=\"swiper-slide-inner\"><img decoding=\"async\" class=\"swiper-slide-image\" src=\"https:\/\/fcmorinheights.com\/wp-content\/uploads\/2025\/11\/madewithlove-logovector1v3up-oval13.jpg\" alt=\"madewithlove logovector1v3up oval13\" \/><\/figure><\/div>\t\t\t<\/div>\n\t\t\t\t\t\t\t\n\t\t\t\t\t\t\t\t\t<\/div>\n\t\t\t\t\t\t<\/div>\n\t\t\t\t<\/div>\n\t\t\t\t<\/div>\n\t\t\t\t\t<\/div>\n\t\t\t\t<\/div>\n\t\t\t\t<\/div>","protected":false},"excerpt":{"rendered":"<p>Become a Partner of FC Morin-Heights FC Morin-Heights is always looking for committed partners to help support the development of soccer in our community. By becoming a sponsor, you directly contribute to providing young athletes with a dynamic, inclusive, and structured sporting environment. Our sponsorships are based on three-year commitments, with multiple participation tiers designed [&hellip;]<\/p>","protected":false},"author":1,"featured_media":0,"parent":0,"menu_order":0,"comment_status":"closed","ping_status":"closed","template":"","meta":{"footnotes":""},"class_list":["post-764","page","type-page","status-publish","hentry"],"_links":{"self":[{"href":"https:\/\/fcmorinheights.com\/fr\/wp-json\/wp\/v2\/pages\/764","targetHints":{"allow":["GET"]}}],"collection":[{"href":"https:\/\/fcmorinheights.com\/fr\/wp-json\/wp\/v2\/pages"}],"about":[{"href":"https:\/\/fcmorinheights.com\/fr\/wp-json\/wp\/v2\/types\/page"}],"author":[{"embeddable":true,"href":"https:\/\/fcmorinheights.com\/fr\/wp-json\/wp\/v2\/users\/1"}],"replies":[{"embeddable":true,"href":"https:\/\/fcmorinheights.com\/fr\/wp-json\/wp\/v2\/comments?post=764"}],"version-history":[{"count":16,"href":"https:\/\/fcmorinheights.com\/fr\/wp-json\/wp\/v2\/pages\/764\/revisions"}],"predecessor-version":[{"id":857,"href":"https:\/\/fcmorinheights.com\/fr\/wp-json\/wp\/v2\/pages\/764\/revisions\/857"}],"wp:attachment":[{"href":"https:\/\/fcmorinheights.com\/fr\/wp-json\/wp\/v2\/media?parent=764"}],"curies":[{"name":"wp","href":"https:\/\/api.w.org\/{rel}","templated":true}]}}