{"id":392,"date":"2025-04-06T03:36:51","date_gmt":"2025-04-06T03:36:51","guid":{"rendered":"https:\/\/fcmorinheights.live-website.com\/?page_id=392"},"modified":"2025-04-06T17:33:09","modified_gmt":"2025-04-06T17:33:09","slug":"elementor-392","status":"publish","type":"page","link":"https:\/\/fcmorinheights.com\/fr\/elementor-392","title":{"rendered":"Aide financi\u00e8re"},"content":{"rendered":"<div data-elementor-type=\"wp-page\" data-elementor-id=\"392\" class=\"elementor elementor-392\">\n\t\t\t\t<div class=\"elementor-element elementor-element-4abae24 e-flex e-con-boxed e-con e-parent\" data-id=\"4abae24\" data-element_type=\"container\">\n\t\t\t\t\t<div class=\"e-con-inner\">\n\t\t\t\t<div class=\"elementor-element elementor-element-12aabdc elementor-widget elementor-widget-image\" data-id=\"12aabdc\" data-element_type=\"widget\" data-widget_type=\"image.default\">\n\t\t\t\t<div class=\"elementor-widget-container\">\n\t\t\t\t\t\t\t\t\t\t\t\t\t\t\t<img fetchpriority=\"high\" decoding=\"async\" width=\"600\" height=\"600\" src=\"https:\/\/fcmorinheights.com\/wp-content\/uploads\/2025\/04\/0e37b0_8510e628cb5546349b3e2f8206ab6dfdmv2.jpg\" class=\"attachment-large size-large wp-image-394\" alt=\"\" srcset=\"https:\/\/fcmorinheights.com\/wp-content\/uploads\/2025\/04\/0e37b0_8510e628cb5546349b3e2f8206ab6dfdmv2.jpg 600w, https:\/\/fcmorinheights.com\/wp-content\/uploads\/2025\/04\/0e37b0_8510e628cb5546349b3e2f8206ab6dfdmv2-300x300.jpg 300w, https:\/\/fcmorinheights.com\/wp-content\/uploads\/2025\/04\/0e37b0_8510e628cb5546349b3e2f8206ab6dfdmv2-150x150.jpg 150w, https:\/\/fcmorinheights.com\/wp-content\/uploads\/2025\/04\/0e37b0_8510e628cb5546349b3e2f8206ab6dfdmv2-12x12.jpg 12w\" sizes=\"(max-width: 600px) 100vw, 600px\" \/>\t\t\t\t\t\t\t\t\t\t\t\t\t\t\t<\/div>\n\t\t\t\t<\/div>\n\t\t\t\t<div class=\"elementor-element elementor-element-cb32457 elementor-widget elementor-widget-text-editor\" data-id=\"cb32457\" data-element_type=\"widget\" data-widget_type=\"text-editor.default\">\n\t\t\t\t<div class=\"elementor-widget-container\">\n\t\t\t\t\t\t\t\t\t<p class=\"font_8 wixui-rich-text__text\"><span class=\"wixui-rich-text__text\">F.C. Morin Heights reconna\u00eet l&#8217;importance que tous les joueurs de notre communaut\u00e9 aient une chance \u00e9gale d&#8217;acc\u00e9der \u00e0 nos programmes de soccer et de profiter des nombreux avantages que leur participation apporte. \u00c0 cette fin, nous avons institu\u00e9 la politique d&#8217;aide financi\u00e8re suivante pour les familles \u00e0 faible revenu qui ont besoin d&#8217;une aide financi\u00e8re pour s&#8217;inscrire.<\/span><\/p><p class=\"font_8 wixui-rich-text__text\">\u00a0<\/p><p class=\"font_8 wixui-rich-text__text\"><span class=\"wixui-rich-text__text\">Au 30 janvier 2025,<\/span><\/p><p class=\"font_8 wixui-rich-text__text\"><span class=\"wixui-rich-text__text\">.<\/span><\/p><ol class=\"font_8 wixui-rich-text__text\"><li class=\"wixui-rich-text__text\"><p class=\"font_8 wixui-rich-text__text\"><span class=\"wixui-rich-text__text\">Dans la mesure o\u00f9 le financement le permet, les familles \u00e0 faible revenu de la r\u00e9gion (<a class=\"wixui-rich-text__text\" href=\"https:\/\/www.canada.ca\/fr\/emploi-developpement-social\/services\/travailleurs-etrangers\/fournisseurs-soins\/capacite-financiere.html\" target=\"_blank\" rel=\"noreferrer noopener\">voir la d\u00e9finition f\u00e9d\u00e9rale des familles \u00e0 faible revenu ici &#8211; section \u201cR\u00e9gions rurales \u00e0 l&#8217;ext\u00e9rieur des AR et RMR\u201d<\/a>) sont admissibles \u00e0 100 % du portion des frais d\u2019inscription de F.C. Morin Heights de leur enfant couverte par une aide financi\u00e8re.<\/span><\/p><ol class=\"font_8 wixui-rich-text__text\"><li class=\"wixui-rich-text__text\"><p class=\"font_8 wixui-rich-text__text\"><span class=\"wixui-rich-text__text\">Les familles doivent toujours payer les frais d&#8217;adh\u00e9sion \u00e0 Soccer Laurentides, Soccer Canada, etc.<\/span><\/p><\/li><li class=\"wixui-rich-text__text\"><p class=\"font_8 wixui-rich-text__text\"><span class=\"wixui-rich-text__text\">La disponibilit\u00e9 de l&#8217;aide financi\u00e8re est limit\u00e9e.<\/span><\/p><\/li><li class=\"wixui-rich-text__text\"><p class=\"font_8 wixui-rich-text__text\"><span class=\"wixui-rich-text__text\">Les familles doivent fournir une preuve de faible revenu (relev\u00e9 de l&#8217;Allocation canadienne pour enfants, avis de cotisation f\u00e9d\u00e9ral) ou une preuve d&#8217;inscription aupr\u00e8s d&#8217;une banque alimentaire locale pour acc\u00e9der \u00e0 l&#8217;aide.<\/span><\/p><\/li><li class=\"wixui-rich-text__text\"><p class=\"font_8 wixui-rich-text__text\"><span class=\"wixui-rich-text__text\">Les d\u00e9cisions sont \u00e0 la discr\u00e9tion du comit\u00e9 d&#8217;aide financi\u00e8re, compos\u00e9 d&#8217;un membre du personnel et de deux membres du conseil d&#8217;administration.<\/span><\/p><\/li><li class=\"wixui-rich-text__text\"><p class=\"font_8 wixui-rich-text__text\"><span class=\"wixui-rich-text__text\">Les questions et les candidatures peuvent \u00eatre envoy\u00e9es \u00e0\u00a0<a class=\"wixui-rich-text__text\" href=\"mailto:presidencefcmh@gmail.com\" data-auto-recognition=\"true\">presidencefcmh@gmail.com<\/a>.<\/span><\/p><\/li><li class=\"wixui-rich-text__text\"><p class=\"font_8 wixui-rich-text__text\"><span class=\"wixui-rich-text__text\">Tous les renseignements sont conserv\u00e9s dans la plus stricte confidentialit\u00e9.<\/span><\/p><\/li><\/ol><\/li><\/ol>\t\t\t\t\t\t\t\t<\/div>\n\t\t\t\t<\/div>\n\t\t\t\t\t<\/div>\n\t\t\t\t<\/div>\n\t\t\t\t<\/div>","protected":false},"excerpt":{"rendered":"<p>F.C. Morin Heights reconna\u00eet l&#8217;importance que tous les joueurs de notre communaut\u00e9 aient une chance \u00e9gale d&#8217;acc\u00e9der \u00e0 nos programmes de soccer et de profiter des nombreux avantages que leur participation apporte. \u00c0 cette fin, nous avons institu\u00e9 la politique d&#8217;aide financi\u00e8re suivante pour les familles \u00e0 faible revenu qui ont besoin d&#8217;une aide financi\u00e8re [&hellip;]<\/p>","protected":false},"author":1,"featured_media":0,"parent":0,"menu_order":0,"comment_status":"closed","ping_status":"closed","template":"","meta":{"footnotes":""},"class_list":["post-392","page","type-page","status-publish","hentry"],"_links":{"self":[{"href":"https:\/\/fcmorinheights.com\/fr\/wp-json\/wp\/v2\/pages\/392","targetHints":{"allow":["GET"]}}],"collection":[{"href":"https:\/\/fcmorinheights.com\/fr\/wp-json\/wp\/v2\/pages"}],"about":[{"href":"https:\/\/fcmorinheights.com\/fr\/wp-json\/wp\/v2\/types\/page"}],"author":[{"embeddable":true,"href":"https:\/\/fcmorinheights.com\/fr\/wp-json\/wp\/v2\/users\/1"}],"replies":[{"embeddable":true,"href":"https:\/\/fcmorinheights.com\/fr\/wp-json\/wp\/v2\/comments?post=392"}],"version-history":[{"count":5,"href":"https:\/\/fcmorinheights.com\/fr\/wp-json\/wp\/v2\/pages\/392\/revisions"}],"predecessor-version":[{"id":401,"href":"https:\/\/fcmorinheights.com\/fr\/wp-json\/wp\/v2\/pages\/392\/revisions\/401"}],"wp:attachment":[{"href":"https:\/\/fcmorinheights.com\/fr\/wp-json\/wp\/v2\/media?parent=392"}],"curies":[{"name":"wp","href":"https:\/\/api.w.org\/{rel}","templated":true}]}}