{"id":34,"date":"2025-02-17T03:13:39","date_gmt":"2025-02-17T03:13:39","guid":{"rendered":"https:\/\/fcmorinheights.live-website.com\/coming-soon"},"modified":"2026-04-13T03:32:27","modified_gmt":"2026-04-13T03:32:27","slug":"important-informations","status":"publish","type":"page","link":"https:\/\/fcmorinheights.com\/fr\/important-informations","title":{"rendered":"Important Informations"},"content":{"rendered":"<div data-elementor-type=\"wp-page\" data-elementor-id=\"34\" class=\"elementor elementor-34\">\n\t\t\t\t<div class=\"elementor-element elementor-element-753d0163 e-flex e-con-boxed e-con e-parent\" data-id=\"753d0163\" data-element_type=\"container\">\n\t\t\t\t\t<div class=\"e-con-inner\">\n\t\t<div class=\"elementor-element elementor-element-67e81fae e-con-full e-flex e-con e-child\" data-id=\"67e81fae\" data-element_type=\"container\" data-settings=\"{&quot;background_background&quot;:&quot;classic&quot;}\">\n\t\t<div class=\"elementor-element elementor-element-149e0007 e-con-full e-flex e-con e-child\" data-id=\"149e0007\" data-element_type=\"container\">\n\t\t\t\t<div class=\"elementor-element elementor-element-16096b0f elementor-invisible elementor-widget elementor-widget-elementskit-heading\" data-id=\"16096b0f\" data-element_type=\"widget\" data-settings=\"{&quot;_animation&quot;:&quot;fadeIn&quot;}\" data-widget_type=\"elementskit-heading.default\">\n\t\t\t\t<div class=\"elementor-widget-container\">\n\t\t\t\t\t<div class=\"ekit-wid-con\" ><div class=\"ekit-heading elementskit-section-title-wraper text_left   ekit_heading_tablet-text_left   ekit_heading_mobile-text_center\"><h2 class=\"ekit-heading--subtitle elementskit-section-subtitle\">\n\t\t\t\t\t\tINFORMATIONS IMPORTANTES\n\t\t\t\t\t<\/h2><\/div><\/div>\t\t\t\t<\/div>\n\t\t\t\t<\/div>\n\t\t\t\t<div class=\"elementor-element elementor-element-a8e6244 elementor-widget elementor-widget-menu-anchor\" data-id=\"a8e6244\" data-element_type=\"widget\" data-widget_type=\"menu-anchor.default\">\n\t\t\t\t<div class=\"elementor-widget-container\">\n\t\t\t\t\t\t\t<div class=\"elementor-menu-anchor\" id=\"GRASSROOTS\"><\/div>\n\t\t\t\t\t\t<\/div>\n\t\t\t\t<\/div>\n\t\t\t\t<div class=\"elementor-element elementor-element-3bb77c7 elementor-invisible elementor-widget elementor-widget-elementskit-heading\" data-id=\"3bb77c7\" data-element_type=\"widget\" data-settings=\"{&quot;_animation&quot;:&quot;fadeIn&quot;}\" data-widget_type=\"elementskit-heading.default\">\n\t\t\t\t<div class=\"elementor-widget-container\">\n\t\t\t\t\t<div class=\"ekit-wid-con\" ><div class=\"ekit-heading elementskit-section-title-wraper text_left   ekit_heading_tablet-text_left   ekit_heading_mobile-text_center\"><h5 class=\"ekit-heading--title elementskit-section-title\">GRASSROOTS<\/h5>\t\t\t\t<div class='ekit-heading__description'>\n\t\t\t\t\t\n<div class=\"\">\n<div>\n<div class=\"HcOXKn SxM0TO QxJLC3 lq2cno YQcXTT comp-ki68kb7u wixui-rich-text\">\n\n<div class=\"\">\n<div>\n<div class=\"HcOXKn SxM0TO QxJLC3 lq2cno YQcXTT comp-ki68kb7u wixui-rich-text\">\n\n<div class=\"\">\n<div>\n<div class=\"HcOXKn SxM0TO QxJLC3 lq2cno YQcXTT comp-ki68kb7u wixui-rich-text\">\n\n<div class=\"\">\n<div>\n<div class=\"HcOXKn SxM0TO QxJLC3 lq2cno YQcXTT comp-ki68kb7u wixui-rich-text\">\n<p class=\"font_3 wixui-rich-text__text\"><span style=\"font-size: 16px\">Grassroots is a U4 to U8 initiation program, where children can learn the basics and joys of soccer on Saturday mornings for twelve weeks from end of May to August. If your child turns four years old in the reference year (between January 1st and December 31st) he\/she will be able to be part of the U4 group. One hour sessions on Saturday mornings allows players to improve their motor skills, attention span and learn the first rules of a team sport. Our program has build its reputation in our region as a bilingual service.<\/span><\/p>\n<\/div>\n<\/div>\n<\/div>\n\n<\/div>\n<\/div>\n<\/div>\n\n<\/div>\n<\/div>\n<\/div>\n\n<\/div>\n<\/div>\n<\/div>\n\n\t\t\t\t<\/div>\n\t\t\t<\/div><\/div>\t\t\t\t<\/div>\n\t\t\t\t<\/div>\n\t\t\t\t<div class=\"elementor-element elementor-element-14b2111 elementor-widget elementor-widget-menu-anchor\" data-id=\"14b2111\" data-element_type=\"widget\" data-widget_type=\"menu-anchor.default\">\n\t\t\t\t<div class=\"elementor-widget-container\">\n\t\t\t\t\t\t\t<div class=\"elementor-menu-anchor\" id=\"U9\"><\/div>\n\t\t\t\t\t\t<\/div>\n\t\t\t\t<\/div>\n\t\t\t\t<div class=\"elementor-element elementor-element-ffa243d elementor-invisible elementor-widget elementor-widget-elementskit-heading\" data-id=\"ffa243d\" data-element_type=\"widget\" data-settings=\"{&quot;_animation&quot;:&quot;fadeIn&quot;}\" data-widget_type=\"elementskit-heading.default\">\n\t\t\t\t<div class=\"elementor-widget-container\">\n\t\t\t\t\t<div class=\"ekit-wid-con\" ><div class=\"ekit-heading elementskit-section-title-wraper text_left   ekit_heading_tablet-text_left   ekit_heading_mobile-text_center\"><h5 class=\"ekit-heading--title elementskit-section-title\">PROGRAMME CDC<\/h5>\t\t\t\t<div class='ekit-heading__description'>\n\t\t\t\t\t\n<div class=\"\">\n<div>\n<div class=\"HcOXKn SxM0TO QxJLC3 lq2cno YQcXTT comp-ki68kb7u wixui-rich-text\">\n\n<div class=\"\">\n<div>\n<div class=\"HcOXKn SxM0TO QxJLC3 lq2cno YQcXTT comp-ki68kb7u wixui-rich-text\">\n\n<div class=\"\">\n<div>\n<div class=\"HcOXKn SxM0TO QxJLC3 lq2cno YQcXTT comp-ki68kb7u wixui-rich-text\">\n\n<div class=\"MW5IWV\">\n<div class=\"VgO9Yg\">\n<div class=\"ekit-heading__description\">\n<p>Depuis plus d\u2019une d\u00e9cennie, Soccer Canada soutient la mise en place de programmes visant le d\u00e9veloppement des joueurs au niveau des clubs. Ce cadre, connu sous le nom de Centre de d\u00e9veloppement de club (CDC), s\u2019adresse aux joueurs \u00e2g\u00e9s de 4 \u00e0 12 ans et poursuit une double mission\u202f: offrir un entra\u00eene\u00adment de haute qualit\u00e9 \u00e0 tous les joueurs, quel que soit leur niveau, tout en favorisant un environnement s\u00fbr et agr\u00e9able pour leur progression.\n\nAu c\u0153ur de la philosophie du CDC se trouve la conviction que les joueurs s\u2019\u00e9panouissent lorsqu\u2019ils prennent du plaisir, c\u2019est pourquoi chaque athl\u00e8te re\u00e7oit la m\u00eame attention et les m\u00eames opportunit\u00e9s pour l\u2019aider \u00e0 atteindre son plein potentiel.<\/p>\n<p>Les matchs se jouent sous forme de groupes, donc les \u00e9quipes de la m\u00eame cat\u00e9gorie jouent g\u00e9n\u00e9ralement leurs matchs le m\u00eame jour. L\u2019horaire est \u00e9tabli par l\u2019Association r\u00e9gionale de soccer (ARS).<\/p>\n<\/div>\n<\/div>\n<\/div>\n\n<\/div>\n<\/div>\n<\/div>\n\n<\/div>\n<\/div>\n<\/div>\n\n<\/div>\n<\/div>\n<\/div>\n\n\t\t\t\t<\/div>\n\t\t\t<\/div><\/div>\t\t\t\t<\/div>\n\t\t\t\t<\/div>\n\t\t\t\t<div class=\"elementor-element elementor-element-33183d5 elementor-widget elementor-widget-menu-anchor\" data-id=\"33183d5\" data-element_type=\"widget\" data-widget_type=\"menu-anchor.default\">\n\t\t\t\t<div class=\"elementor-widget-container\">\n\t\t\t\t\t\t\t<div class=\"elementor-menu-anchor\" id=\"COMPETITIVE\"><\/div>\n\t\t\t\t\t\t<\/div>\n\t\t\t\t<\/div>\n\t\t\t\t<div class=\"elementor-element elementor-element-951653d elementor-invisible elementor-widget elementor-widget-elementskit-heading\" data-id=\"951653d\" data-element_type=\"widget\" data-settings=\"{&quot;_animation&quot;:&quot;fadeIn&quot;}\" data-widget_type=\"elementskit-heading.default\">\n\t\t\t\t<div class=\"elementor-widget-container\">\n\t\t\t\t\t<div class=\"ekit-wid-con\" ><div class=\"ekit-heading elementskit-section-title-wraper text_left   ekit_heading_tablet-text_left   ekit_heading_mobile-text_center\"><h5 class=\"ekit-heading--title elementskit-section-title\">PROGRAMME COMP\u00c9TITIF<\/h5>\t\t\t\t<div class='ekit-heading__description'>\n\t\t\t\t\t\n<div class=\"\">\n<div>\n<div class=\"HcOXKn SxM0TO QxJLC3 lq2cno YQcXTT comp-ki68kb7u wixui-rich-text\">\n\n<div class=\"\">\n<div>\n<div class=\"HcOXKn SxM0TO QxJLC3 lq2cno YQcXTT comp-ki68kb7u wixui-rich-text\">\n\n<div class=\"MW5IWV\">\n<div class=\"VgO9Yg\"><span class=\"wixui-rich-text__text\">Le programme comp\u00e9titif<\/span> offre la participation \u00e0 une ligue comp\u00e9titive ouverte \u00e0 tous, pour les joueurs \u00e2g\u00e9s de 13 \u00e0 21 ans.\n\nLes joueurs sont encadr\u00e9s par des entra\u00eeneurs b\u00e9n\u00e9voles certifi\u00e9s et participent \u00e0 des entra\u00eenements et \u00e0 un match par semaine pendant la saison estivale (g\u00e9n\u00e9ralement de la fin mai au d\u00e9but septembre).\n\nCe programme s\u2019adresse aux joueurs qui souhaitent am\u00e9liorer leurs habilet\u00e9s ou simplement jouer pour le plaisir. Tout le monde est bienvenu\u202f; aucune \u00e9valuation n\u2019est effectu\u00e9e ni requise.<\/div>\n<\/div>\n\n<\/div>\n<\/div>\n<\/div>\n\n<\/div>\n<\/div>\n<\/div>\n\n\t\t\t\t<\/div>\n\t\t\t<\/div><\/div>\t\t\t\t<\/div>\n\t\t\t\t<\/div>\n\t\t\t\t<div class=\"elementor-element elementor-element-06b5eab elementor-invisible elementor-widget elementor-widget-elementskit-heading\" data-id=\"06b5eab\" data-element_type=\"widget\" data-settings=\"{&quot;_animation&quot;:&quot;fadeIn&quot;}\" data-widget_type=\"elementskit-heading.default\">\n\t\t\t\t<div class=\"elementor-widget-container\">\n\t\t\t\t\t<div class=\"ekit-wid-con\" ><div class=\"ekit-heading elementskit-section-title-wraper text_left   ekit_heading_tablet-text_left   ekit_heading_mobile-text_center\"><h5 class=\"ekit-heading--title elementskit-section-title\">\u00c0 quoi s\u2019attendre<\/h5>\t\t\t\t<div class='ekit-heading__description'>\n\t\t\t\t\t\n<div class=\"\">\n<div>\n<div class=\"HcOXKn SxM0TO QxJLC3 lq2cno YQcXTT comp-ki68kb7u wixui-rich-text\">\n\n<div class=\"\">\n<div>\n<div class=\"HcOXKn SxM0TO QxJLC3 lq2cno YQcXTT comp-ki68kb7u wixui-rich-text\">\n\n<div class=\"\">\n<div>\n<div class=\"HcOXKn SxM0TO QxJLC3 lq2cno YQcXTT comp-ki68kb7u wixui-rich-text\">\n<div class=\"\">\n<div>\n<div class=\"KaEeLN comp-ki68wfs6\">\n<div class=\"\">\n<div>\n<div class=\"HcOXKn SxM0TO QxJLC3 lq2cno YQcXTT comp-ki694895 wixui-rich-text\">\n<p class=\"font_3 wixui-rich-text__text\"><strong><span style=\"font-size: 16px\">Le d\u00e9roulement du programme Grassroots<\/span><\/strong><\/p>\n<\/div>\n<\/div>\n<\/div>\n<\/div>\n<\/div>\n<\/div>\n<div>\n<div class=\"HcOXKn c9GqVL QxJLC3 lq2cno YQcXTT comp-ki69e119 wixui-rich-text\">\n<p>Un programme d'initiation au soccer pour les enfants de 4 \u00e0 8 ans <b>, d\u00e9butant le 30 mai<\/b> et se terminant en ao\u00fbt, pour un total de douze samedis. Les s\u00e9ances ont lieu au terrain de soccer de Morin-Heights (647, ch. du Village) selon l'horaire suivant :<\/p>\n<ul>\n<li>\n<p><b>9h00 \u00e0 10h00<\/b> (4-5 ans)<\/p>\n<\/li>\n<li>\n<p><b>10h30 \u00e0 11h30<\/b> (6-8 ans)<\/p>\n<\/li>\n<\/ul>\n<p>Une fois l'inscription termin\u00e9e, surveillez vos courriels quelques semaines avant le d\u00e9but de la saison pour obtenir tous les d\u00e9tails.<\/p>\n<p class=\"font_9 wixui-rich-text__text\"><strong><span class=\"wixui-rich-text__text\">Pour le programme comp\u00e9titif<\/span>\u00a0<\/strong>\u00a0<\/p>\n<p class=\"font_9 wixui-rich-text__text\">Les inscriptions re\u00e7ues pour chaque groupe d\u2019\u00e2ge d\u00e9terminent la composition des groupes et les entra\u00eeneurs assign\u00e9s \u00e0 chaque joueur.\n\nLes \u00e9quipes sont enregistr\u00e9es aupr\u00e8s de l\u2019ARSL \u00e0 la fin du mois de mars chaque ann\u00e9e\u202f; en mai, le club a une meilleure compr\u00e9hension des besoins de chaque groupe d\u2019\u00e2ge. \u00c0 ce moment-l\u00e0, les entra\u00eeneurs et adjoints communiqueront avec les parents concernant les horaires des entra\u00eenements et des matchs.\n\nComme chaque entra\u00eeneur et adjoint est b\u00e9n\u00e9vole, les heures d\u2019entra\u00eenement sont planifi\u00e9es selon leur disponibilit\u00e9. Habituellement, il y a une s\u00e9ance d\u2019entra\u00eenement par semaine et un match par semaine.<\/p>\n<\/div>\n<\/div>\n<\/div>\n<\/div>\n<\/div>\n\n<\/div>\n<\/div>\n<\/div>\n\n<\/div>\n<\/div>\n<\/div>\n\n\t\t\t\t<\/div>\n\t\t\t<\/div><\/div>\t\t\t\t<\/div>\n\t\t\t\t<\/div>\n\t\t\t\t<div class=\"elementor-element elementor-element-3388ebb elementor-invisible elementor-widget elementor-widget-elementskit-heading\" data-id=\"3388ebb\" data-element_type=\"widget\" data-settings=\"{&quot;_animation&quot;:&quot;fadeIn&quot;}\" data-widget_type=\"elementskit-heading.default\">\n\t\t\t\t<div class=\"elementor-widget-container\">\n\t\t\t\t\t<div class=\"ekit-wid-con\" ><div class=\"ekit-heading elementskit-section-title-wraper text_left   ekit_heading_tablet-text_left   ekit_heading_mobile-text_center\"><h1 class=\"ekit-heading--title elementskit-section-title\">Inscriptions et frais<\/h1>\t\t\t\t<div class='ekit-heading__description'>\n\t\t\t\t\t\n<div class=\"\">\n<div>\n<div class=\"HcOXKn SxM0TO QxJLC3 lq2cno YQcXTT comp-ki68kb7u wixui-rich-text\">\n\n<div class=\"\">\n<div>\n<div class=\"KaEeLN comp-ki69bwcx\">\n<div class=\"\">\n<div>\n<div class=\"HcOXKn SxM0TO QxJLC3 lq2cno YQcXTT comp-ki69bwdt wixui-rich-text\">\n<p class=\"font_3 wixui-rich-text__text\"><span style=\"font-size: 16px\">Consultez le <\/span><a class=\"wixui-rich-text__text\" style=\"font-size: 16px\" href=\"https:\/\/www.fcmorinheights.com\/en\" target=\"_self\">page d'inscription<\/a><span style=\"font-size: 16px\">\u00a0 pour la grille tarifaire.<\/span><span class=\"wixui-rich-text__text\">\u200b<\/span><\/p>\n<\/div>\n<\/div>\n<\/div>\n<\/div>\n<\/div>\n<\/div>\n\n<div class=\"\">\n<div>\n<div class=\"HcOXKn SxM0TO QxJLC3 lq2cno YQcXTT comp-ki68zf10 wixui-rich-text\">\n<p class=\"font_9 wixui-rich-text__text\"><span class=\"wixui-rich-text__text\">Inscrivez-vous en utilisant le bouton \u00ab\u202fS\u2019inscrire\u202f\u00bb sur la page d\u2019inscription du site web, qui vous dirigera vers le syst\u00e8me d\u2019inscription en ligne.<\/span><\/p>\n<p class=\"font_9 wixui-rich-text__text\"><span class=\"wixui-rich-text__text\">Pour consulter la politique de remboursement\u00a0<a class=\"wixui-rich-text__text\" href=\"#REFUND\" target=\"_self\">Cliquer ici<\/a><\/span><\/p>\n<\/div>\n<\/div>\n<\/div>\n<div class=\"MW5IWV\">\n<div class=\"VgO9Yg\">\u00a0<\/div>\n<\/div>\n<div class=\"\">\n<div>\n<div class=\"KaEeLN comp-ki6b3tix\">\n<div class=\"\">\n<div>\n<div class=\"HcOXKn SxM0TO QxJLC3 lq2cno YQcXTT comp-ki6b3tjw wixui-rich-text\">\n<h3 class=\"font_3 wixui-rich-text__text\"><span class=\"wixui-rich-text__text\">B\u00e9n\u00e9voles \u2013 Entra\u00eeneurs, arbitres<\/span><\/h3>\n<\/div>\n<\/div>\n<\/div>\n<\/div>\n<\/div>\n<\/div>\n\n<div class=\"\">\n<div>\n<p class=\"font_9 wixui-rich-text__text\">Nos programmes sont anim\u00e9s par des b\u00e9n\u00e9voles.\nLes entra\u00eeneurs sont g\u00e9n\u00e9ralement des parents b\u00e9n\u00e9voles ayant d\u00e9j\u00e0 jou\u00e9 au soccer, entra\u00een\u00e9 dans d\u2019autres sports, ou simplement d\u00e9sireux de s\u2019impliquer et d\u2019apprendre.\n\nPour ceux qui souhaitent devenir entra\u00eeneurs, le club offre la formation requise par le biais de formations de fin de semaine organis\u00e9es par l\u2019ARSL.<\/p>\n<p class=\"font_9 wixui-rich-text__text\">Pour plus d\u2019informations, veuillez \u00e9crire \u00e0 :\u00a0<span class=\"wixui-rich-text__text\"><a class=\"wixui-rich-text__text\" href=\"mailto:info@fcmorinheights.com?subject=volunteer\" target=\"_self\">info@fcmorinheights.com<\/a><\/span><\/p>\n<p class=\"font_9 wixui-rich-text__text\">Les \u00e9l\u00e8ves du secondaire ou les adultes, avec ou sans exp\u00e9rience en soccer, peuvent \u00e9galement s\u2019impliquer en devenant entra\u00eeneur adjoint, arbitre ou juge de ligne.\nLes personnes int\u00e9ress\u00e9es \u00e0 poser leur candidature pour un poste b\u00e9n\u00e9vole sont invit\u00e9es \u00e0 contacter le directeur technique \u00e0 l\u2019adresse suivante :\u00a0<span class=\"wixui-rich-text__text\"><a class=\"wixui-rich-text__text\" href=\"mailto:info@fcmorinheights.com?subject=volunteer\" target=\"_self\">info@fcmorinheights.com<\/a><\/span>.<\/p>\n<div class=\"uYj0Sg wixui-box\">\u00a0<\/div>\n<div class=\"\">\n<div>\n<div class=\"HcOXKn SxM0TO QxJLC3 lq2cno YQcXTT comp-ki6e46an wixui-rich-text\">\n<h3 class=\"font_3 wixui-rich-text__text\"><span class=\"wixui-rich-text__text\">Uniformes<\/span><\/h3>\n<\/div>\n<\/div>\n<\/div>\n<p class=\"font_9 wixui-rich-text__text\"><span class=\"wixui-rich-text__text\">Les uniformes sont inclus dans les frais d\u2019inscription.\n\nPour le programme Grassroots, les uniformes deviennent la propri\u00e9t\u00e9 du joueur et leur distribution a g\u00e9n\u00e9ralement lieu une semaine avant la premi\u00e8re s\u00e9ance.<\/span><\/p>\n<p>\u00a0<\/p>\n<p class=\"font_9 wixui-rich-text__text\"><strong><span class=\"wixui-rich-text__text\">Tous les joueurs du programme Grassroots (U4 \u00e0 U8) recevront :<\/span><\/strong><\/p>\n<ul class=\"font_8 wixui-rich-text__text\">\n<li class=\"wixui-rich-text__text\">\n<p class=\"font_9 wixui-rich-text__text\"><span class=\"wixui-rich-text__text\">Une (1) paire de bas ;<\/span><\/p>\n<\/li>\n<li class=\"wixui-rich-text__text\">\n<p class=\"font_9 wixui-rich-text__text\"><span class=\"wixui-rich-text__text\">Un (1) short ;<\/span><\/p>\n<\/li>\n<li class=\"wixui-rich-text__text\">\n<p class=\"font_9 wixui-rich-text__text\"><span class=\"wixui-rich-text__text\">Un (1) chandail ;<\/span><\/p>\n<\/li>\n<li class=\"wixui-rich-text__text\">\n<p class=\"font_9 wixui-rich-text__text\"><span class=\"wixui-rich-text__text\">Un ballon d'entra\u00eenement.<\/span><\/p>\n<\/li>\n<\/ul>\n<p class=\"font_9 wixui-rich-text__text\"><span class=\"wixui-rich-text__text\">La distribution des uniformes se fait lors du premier entra\u00eenement, par l\u2019interm\u00e9diaire des entra\u00eeneurs.<\/span><\/p>\n<p>\u00a0<\/p>\n<p class=\"font_9 wixui-rich-text__text\"><strong><span class=\"wixui-rich-text__text\">Tous les joueurs du CDC (U9 \u00e0 U21) recevront\u202f:<\/span><\/strong><\/p>\n<ul class=\"font_8 wixui-rich-text__text\">\n<li class=\"wixui-rich-text__text\">\n<p class=\"font_9 wixui-rich-text__text\"><span class=\"wixui-rich-text__text\">Une (1) paire de bas ;<\/span><\/p>\n<\/li>\n<li class=\"wixui-rich-text__text\">\n<p class=\"font_9 wixui-rich-text__text\"><span class=\"wixui-rich-text__text\">Un (1) short ;<\/span><\/p>\n<\/li>\n<li class=\"wixui-rich-text__text\">\n<p class=\"font_9 wixui-rich-text__text\"><span class=\"wixui-rich-text__text\">Un (1) chandai de comp\u00e9tition ;<\/span><\/p>\n<\/li>\n<\/ul>\n<p class=\"font_9 wixui-rich-text__text\"><span class=\"wixui-rich-text__text\">Tout l\u2019\u00e9quipement devient la propri\u00e9t\u00e9 du joueur.<\/span><\/p>\n<p class=\"font_9 wixui-rich-text__text\"><span class=\"wixui-rich-text__text\">Les joueurs doivent \u00eatre \u00e9quip\u00e9s de crampons, de prot\u00e8ge-tibias et de lunettes de sport (si n\u00e9cessaire).\u00a0<\/span><\/p>\n<p>Chaque ann\u00e9e, nous disposons d\u2019une quantit\u00e9 limit\u00e9e de souliers \u00e0 crampons usag\u00e9s pour les joueurs de diff\u00e9rents \u00e2ges.\n\nPassez au hangar \u00e0 \u00e9quipement pour plus de d\u00e9tails lors d\u2019un entra\u00eenement, d\u2019un match ou d\u2019un \u00e9v\u00e9nement communautaire. Nous acceptons \u00e9galement les dons de souliers \u00e0 crampons usag\u00e9s.\u00a0<\/p>\n<\/div>\n<\/div>\n\n<\/div>\n<\/div>\n<\/div>\n\n\t\t\t\t<\/div>\n\t\t\t<\/div><\/div>\t\t\t\t<\/div>\n\t\t\t\t<\/div>\n\t\t\t\t<div class=\"elementor-element elementor-element-c9626fc elementor-widget elementor-widget-menu-anchor\" data-id=\"c9626fc\" data-element_type=\"widget\" data-widget_type=\"menu-anchor.default\">\n\t\t\t\t<div class=\"elementor-widget-container\">\n\t\t\t\t\t\t\t<div class=\"elementor-menu-anchor\" id=\"REFUND\"><\/div>\n\t\t\t\t\t\t<\/div>\n\t\t\t\t<\/div>\n\t\t\t\t<div class=\"elementor-element elementor-element-d979630 elementor-invisible elementor-widget elementor-widget-elementskit-heading\" data-id=\"d979630\" data-element_type=\"widget\" data-settings=\"{&quot;_animation&quot;:&quot;fadeIn&quot;}\" data-widget_type=\"elementskit-heading.default\">\n\t\t\t\t<div class=\"elementor-widget-container\">\n\t\t\t\t\t<div class=\"ekit-wid-con\" ><div class=\"ekit-heading elementskit-section-title-wraper text_left   ekit_heading_tablet-text_left   ekit_heading_mobile-text_center\">\t\t\t\t<div class='ekit-heading__description'>\n\t\t\t\t\t\n<div class=\"\">\n<div>\n<div class=\"HcOXKn SxM0TO QxJLC3 lq2cno YQcXTT comp-ki68kb7u wixui-rich-text\">\n\n<div class=\"\">\n<div>\n<div class=\"HcOXKn SxM0TO QxJLC3 lq2cno YQcXTT comp-ki68kb7u wixui-rich-text\">\n<div class=\"KaEeLN comp-lplu8n19\">\n<div class=\"\">\n<div>\n<div class=\"HcOXKn c9GqVL QxJLC3 lq2cno YQcXTT comp-lplu8n2e wixui-rich-text\">\n<h3 class=\"font_3 wixui-rich-text__text\"><span class=\"wixui-rich-text__text\">Politique de remboursement \u2013 Programme estival<\/span><\/h3>\n<\/div>\n<\/div>\n<\/div>\n<\/div>\n<div class=\"Vd6aQZ ignore-focus comp-lryfs106\">\n<div>\u00a0<\/div>\n<\/div>\n<div class=\"HcOXKn c9GqVL QxJLC3 lq2cno YQcXTT comp-lplufuh2 wixui-rich-text\">\n<p class=\"font_8 wixui-rich-text__text\"><span class=\"color_36 wixui-rich-text__text\"><span class=\"wixui-rich-text__text\">Date limite      \/     Pourcentage remboursable<\/span><\/span><\/p>\n<p class=\"font_8 wixui-rich-text__text\"><span class=\"color_36 wixui-rich-text__text\">Avant le 31 mars 2026\u00a0 \u00a0 \u00a0 \u00a0 \u00a0 \u00a0 \u00a0 \u00a0 \u00a0 \u00a0 \u00a0 \u00a0 \u00a0 \u00a0 \u00a0 \u00a0 \u00a0 \u00a0 \u00a0 \u00a0 \u00a0 \u00a0 \u00a0 \u00a0 \u00a0 \u00a0 \u00a0 \u00a0 \u00a0100%<\/span><\/p>\n<p class=\"font_8 wixui-rich-text__text\"><span class=\"color_36 wixui-rich-text__text\">Avant le 15 avril 2026\u00a0 \u00a0 \u00a0 \u00a0 \u00a0 \u00a0 \u00a0 \u00a0 \u00a0 \u00a0 \u00a0 \u00a0 \u00a0 \u00a0 \u00a0 \u00a0 \u00a0 \u00a0 \u00a0 \u00a0 \u00a0 \u00a0 \u00a0 \u00a0 \u00a0 \u00a0 \u00a0 \u00a0 \u00a0 \u00a0 75%<\/span><\/p>\n<p class=\"font_8 wixui-rich-text__text\"><span class=\"color_36 wixui-rich-text__text\">Avant le 1er mai 2026\u00a0 \u00a0 \u00a0 \u00a0 \u00a0 \u00a0 \u00a0 \u00a0 \u00a0 \u00a0 \u00a0 \u00a0 \u00a0 \u00a0 \u00a0 \u00a0 \u00a0 \u00a0 \u00a0 \u00a0 \u00a0 \u00a0 \u00a0 \u00a0 \u00a0 \u00a0 \u00a0 \u00a0 \u00a0 \u00a0 \u00a0 \u00a0 \u00a0 \u00a0 \u00a0 50%<\/span><\/p>\n<p class=\"font_8 wixui-rich-text__text\"><span class=\"color_36 wixui-rich-text__text\">100 % non remboursable \u00e0 partir du 1er mai 2026<\/span><\/p>\n<p class=\"font_8 wixui-rich-text__text\"><span class=\"color_36 wixui-rich-text__text\">Les demandes de remboursement doivent \u00eatre envoy\u00e9es \u00e0 :\u00a0<a class=\"wixui-rich-text__text\" href=\"mailto:info@fcmorinheights.com\">info@fcmorinheights.com<\/a><\/span><\/p>\n<p class=\"font_8 wixui-rich-text__text\"><span class=\"color_36 wixui-rich-text__text\">Le remboursement sera effectu\u00e9 directement sur la carte de cr\u00e9dit utilis\u00e9e pour le paiement. Si la demande de remboursement n'est pas li\u00e9e \u00e0 une condition m\u00e9dicale ou \u00e0 un d\u00e9m\u00e9nagement, le remboursement sera \u00e9mis sous forme de cr\u00e9dit.<\/span><\/p>\n<\/div>\n<\/div>\n<\/div>\n<\/div>\n\n<\/div>\n<\/div>\n<\/div>\n\n\t\t\t\t<\/div>\n\t\t\t<\/div><\/div>\t\t\t\t<\/div>\n\t\t\t\t<\/div>\n\t\t\t\t<\/div>\n\t\t\t\t<\/div>\n\t\t\t\t\t<\/div>\n\t\t\t\t<\/div>\n\t\t\t\t<\/div>","protected":false},"excerpt":{"rendered":"<p>IMPORTANT INFORMATION GRASSROOTS Grassroots is a U4 to U8 initiation program, where children can learn the basics and joys of soccer on Saturday mornings for twelve weeks from end of May to August. If your child turns four years old in the reference year (between January 1st and December 31st) he\/she will be able to [&hellip;]<\/p>","protected":false},"author":1,"featured_media":0,"parent":0,"menu_order":0,"comment_status":"closed","ping_status":"closed","template":"elementor_header_footer","meta":{"footnotes":""},"class_list":["post-34","page","type-page","status-publish","hentry"],"_links":{"self":[{"href":"https:\/\/fcmorinheights.com\/fr\/wp-json\/wp\/v2\/pages\/34","targetHints":{"allow":["GET"]}}],"collection":[{"href":"https:\/\/fcmorinheights.com\/fr\/wp-json\/wp\/v2\/pages"}],"about":[{"href":"https:\/\/fcmorinheights.com\/fr\/wp-json\/wp\/v2\/types\/page"}],"author":[{"embeddable":true,"href":"https:\/\/fcmorinheights.com\/fr\/wp-json\/wp\/v2\/users\/1"}],"replies":[{"embeddable":true,"href":"https:\/\/fcmorinheights.com\/fr\/wp-json\/wp\/v2\/comments?post=34"}],"version-history":[{"count":29,"href":"https:\/\/fcmorinheights.com\/fr\/wp-json\/wp\/v2\/pages\/34\/revisions"}],"predecessor-version":[{"id":1020,"href":"https:\/\/fcmorinheights.com\/fr\/wp-json\/wp\/v2\/pages\/34\/revisions\/1020"}],"wp:attachment":[{"href":"https:\/\/fcmorinheights.com\/fr\/wp-json\/wp\/v2\/media?parent=34"}],"curies":[{"name":"wp","href":"https:\/\/api.w.org\/{rel}","templated":true}]}}