{"id":316,"date":"2025-02-18T04:54:36","date_gmt":"2025-02-18T04:54:36","guid":{"rendered":"https:\/\/fcmorinheights.live-website.com\/?page_id=316"},"modified":"2026-01-25T22:46:01","modified_gmt":"2026-01-25T22:46:01","slug":"registration","status":"publish","type":"page","link":"https:\/\/fcmorinheights.com\/fr\/registration","title":{"rendered":"INSCRIPTIONS"},"content":{"rendered":"<div data-elementor-type=\"wp-page\" data-elementor-id=\"316\" class=\"elementor elementor-316\">\n\t\t\t\t<div class=\"elementor-element elementor-element-3cdf1e75 e-con-full e-flex e-con e-parent\" data-id=\"3cdf1e75\" data-element_type=\"container\" data-settings=\"{&quot;background_background&quot;:&quot;classic&quot;}\">\n\t\t<div class=\"elementor-element elementor-element-6008cd52 e-con-full e-flex e-con e-child\" data-id=\"6008cd52\" data-element_type=\"container\">\n\t\t\t\t<div class=\"elementor-element elementor-element-7a90362e elementor-icon-list--layout-inline elementor-align-center elementor-list-item-link-full_width elementor-widget elementor-widget-icon-list\" data-id=\"7a90362e\" data-element_type=\"widget\" data-widget_type=\"icon-list.default\">\n\t\t\t\t<div class=\"elementor-widget-container\">\n\t\t\t\t\t\t\t<ul class=\"elementor-icon-list-items elementor-inline-items\">\n\t\t\t\t\t\t\t<li class=\"elementor-icon-list-item elementor-inline-item\">\n\t\t\t\t\t\t\t\t\t\t\t<a href=\"https:\/\/actiball.devsyntrix.com\/\">\n\n\t\t\t\t\t\t\t\t\t\t\t<span class=\"elementor-icon-list-text\">ACCUEIL<\/span>\n\t\t\t\t\t\t\t\t\t\t\t<\/a>\n\t\t\t\t\t\t\t\t\t<\/li>\n\t\t\t\t\t\t\t\t<li class=\"elementor-icon-list-item elementor-inline-item\">\n\t\t\t\t\t\t\t\t\t\t\t<span class=\"elementor-icon-list-icon\">\n\t\t\t\t\t\t\t<svg aria-hidden=\"true\" class=\"e-font-icon-svg e-fas-chevron-right\" viewbox=\"0 0 320 512\" xmlns=\"http:\/\/www.w3.org\/2000\/svg\"><path d=\"M285.476 272.971L91.132 467.314c-9.373 9.373-24.569 9.373-33.941 0l-22.667-22.667c-9.357-9.357-9.375-24.522-.04-33.901L188.505 256 34.484 101.255c-9.335-9.379-9.317-24.544.04-33.901l22.667-22.667c9.373-9.373 24.569-9.373 33.941 0L285.475 239.03c9.373 9.372 9.373 24.568.001 33.941z\"><\/path><\/svg>\t\t\t\t\t\t<\/span>\n\t\t\t\t\t\t\t\t\t\t<span class=\"elementor-icon-list-text\">INSCRIPTIONS<\/span>\n\t\t\t\t\t\t\t\t\t<\/li>\n\t\t\t\t\t\t<\/ul>\n\t\t\t\t\t\t<\/div>\n\t\t\t\t<\/div>\n\t\t\t\t<div class=\"elementor-element elementor-element-51833c3b elementor-widget elementor-widget-heading\" data-id=\"51833c3b\" data-element_type=\"widget\" data-widget_type=\"heading.default\">\n\t\t\t\t<div class=\"elementor-widget-container\">\n\t\t\t\t\t<h2 class=\"elementor-heading-title elementor-size-default\">Inscriptions pour l'\u00e9t\u00e9 2026<\/h2>\t\t\t\t<\/div>\n\t\t\t\t<\/div>\n\t\t\t\t<\/div>\n\t\t\t\t<\/div>\n\t\t<div class=\"elementor-element elementor-element-c4c50af e-flex e-con-boxed e-con e-parent\" data-id=\"c4c50af\" data-element_type=\"container\">\n\t\t\t\t\t<div class=\"e-con-inner\">\n\t\t\t\t<div class=\"elementor-element elementor-element-9fe9cb7 elementor-widget elementor-widget-text-editor\" data-id=\"9fe9cb7\" data-element_type=\"widget\" data-widget_type=\"text-editor.default\">\n\t\t\t\t<div class=\"elementor-widget-container\">\n\t\t\t\t\t\t\t\t\t<div id=\"comp-lolqiqri\" class=\"HcOXKn c9GqVL QxJLC3 lq2cno YQcXTT comp-lolqiqri wixui-rich-text\" data-testid=\"richTextElement\"><div id=\"comp-lolqiqqy3\" class=\"HcOXKn c9GqVL QxJLC3 lq2cno YQcXTT comp-lolqiqqy3 wixui-rich-text\" data-testid=\"richTextElement\"><h2 class=\"font_2 wixui-rich-text__text\"><span class=\"wixui-rich-text__text\"><span class=\"color_11 wixui-rich-text__text\">Les inscriptions en ligne ouvrent le 2 f\u00e9vrier 2026.<\/span><\/span><\/h2><\/div><div id=\"comp-lolqiqr21\" class=\"KaEeLN comp-lolqiqr21\"><div class=\"\" data-mesh-id=\"comp-lolqiqr21inlineContent\" data-testid=\"inline-content\"><div data-mesh-id=\"comp-lolqiqr21inlineContent-gridContainer\" data-testid=\"mesh-container-content\"><div id=\"comp-lolqiqr4\" class=\"HcOXKn c9GqVL QxJLC3 lq2cno YQcXTT comp-lolqiqr4 wixui-rich-text\" data-testid=\"richTextElement\"><p class=\"font_8 wixui-rich-text__text\"><span class=\"wixui-rich-text__text\">IMPORTANT : Vous devrez cr\u00e9er un compte Spordle pour vous inscrire.<\/span><\/p><\/div><div id=\"comp-lolqiqr61\" class=\"HcOXKn c9GqVL QxJLC3 lq2cno YQcXTT comp-lolqiqr61 wixui-rich-text\" data-testid=\"richTextElement\"><h4 class=\"font_8 wixui-rich-text__text\"><a href=\"https:\/\/page.spordle.com\/fc-morin-heights\/register\"><span class=\"wixui-rich-text__text\">Proc\u00e9der \u00e0 l\u2019inscription<\/span><\/a><\/h4><\/div><\/div><\/div><\/div><div id=\"comp-lolqiqri\" class=\"HcOXKn c9GqVL QxJLC3 lq2cno YQcXTT comp-lolqiqri wixui-rich-text\" data-testid=\"richTextElement\"><h4 class=\"font_9 wixui-rich-text__text\"><span class=\"wixui-rich-text__text\"><span class=\"color_11 wixui-rich-text__text\">Frais d\u2019inscription<\/span><\/span><\/h4><p class=\"font_9 wixui-rich-text__text\"><span class=\"wixui-rich-text__text\"><span class=\"color_11 wixui-rich-text__text\">Veuillez consulter le tableau ci-dessous.\nVeuillez noter qu\u2019apr\u00e8s le 1er avril, des frais de retard de 20,00 $ seront ajout\u00e9s au prix en ligne pour toutes les cat\u00e9gories U9 et plus.\u00a0<\/span><\/span><\/p><\/div><div id=\"comp-m6o8ynqs\" class=\"HcOXKn c9GqVL QxJLC3 lq2cno YQcXTT comp-m6o8ynqs wixui-rich-text\" data-testid=\"richTextElement\"><h4 class=\"font_9 wixui-rich-text__text\"><span class=\"wixui-rich-text__text\"><span class=\"color_36 wixui-rich-text__text\">Inscription de plusieurs enfants<\/span><\/span><\/h4><p class=\"font_9 wixui-rich-text__text\"><span class=\"color_36 wixui-rich-text__text\"><span class=\"wixui-rich-text__text\">2e enfant d\u2019une m\u00eame famille : rabais de 25 %.\nEnfants additionnels d\u2019une m\u00eame famille : rabais de 40 %.<br \/>Veuillez contacter notre responsable des inscriptions \u00e0 info@fcmorinheights.com\n avant d\u2019inscrire vos enfants afin de profiter du rabais.<\/span><\/span><\/p><p class=\"wixui-rich-text__text\">\u00a0<\/p><\/div><div id=\"comp-lryhb72q\" class=\"comp-lryhb72q VlGH6v wixui-table\"><div class=\"FdGJxb\"><div class=\"RbTodQ\"><table class=\"mtQJtX\"><thead class=\"INip7I wixui-table__header\"><tr class=\"V11d0G wixui-table__row\"><th class=\"KSx14q wixui-table__cell\"><div class=\"AxaXxM\">\u00a0<\/div><\/th><th class=\"KSx14q wixui-table__cell\"><div class=\"AxaXxM\"><div>Cat\u00e9gorie<\/div><\/div><\/th><th class=\"KSx14q wixui-table__cell\"><div class=\"AxaXxM\"><div>R\u00e9sident<\/div><\/div><\/th><th class=\"KSx14q wixui-table__cell\"><div class=\"AxaXxM\"><div>Non-r\u00e9sident<\/div><\/div><\/th><\/tr><\/thead><tbody class=\"VUpDdz cXFcCU X8ZnYD wixui-table__body\"><tr class=\"UhXTve wixui-table__row\"><td class=\"VG9vCO wixui-table__cell\"><div class=\"AxaXxM\"><div><img decoding=\"async\" src=\"https:\/\/static.wixstatic.com\/media\/0e37b0_fd9d46469e074327ac07268a1e56b207~mv2.png\/v1\/fit\/w_224,h_68\/0e37b0_fd9d46469e074327ac07268a1e56b207~mv2.png\" alt=\"\" data-ssr-src-done=\"true\" \/><\/div><\/div><\/td><td class=\"VG9vCO wixui-table__cell\"><div class=\"AxaXxM\"><div class=\"ZTH0AF\">Grassroots U4-U8, n\u00e9(e) 2019-2022<\/div><\/div><\/td><td class=\"VG9vCO wixui-table__cell\"><div class=\"AxaXxM\"><div class=\"ZTH0AF\">250.00$<\/div><\/div><\/td><td class=\"VG9vCO wixui-table__cell\"><div class=\"AxaXxM\"><div class=\"ZTH0AF\">280.00$<\/div><\/div><\/td><\/tr><tr class=\"UhXTve wixui-table__row\"><td class=\"VG9vCO wixui-table__cell\"><div class=\"AxaXxM\"><div><img decoding=\"async\" src=\"https:\/\/static.wixstatic.com\/media\/0e37b0_269929ed0c364d5ea6d083f309b34f17~mv2.png\/v1\/fit\/w_224,h_68\/0e37b0_269929ed0c364d5ea6d083f309b34f17~mv2.png\" alt=\"\" data-ssr-src-done=\"true\" \/><\/div><\/div><\/td><td class=\"VG9vCO wixui-table__cell\"><div class=\"AxaXxM\"><div class=\"ZTH0AF\">U8, n\u00e9(e) en 2018<\/div><\/div><\/td><td class=\"VG9vCO wixui-table__cell\"><div class=\"AxaXxM\"><div class=\"ZTH0AF\">275.00$<\/div><\/div><\/td><td class=\"VG9vCO wixui-table__cell\"><div class=\"AxaXxM\"><div class=\"ZTH0AF\">305.00$<\/div><\/div><\/td><\/tr><tr class=\"UhXTve wixui-table__row\"><td class=\"VG9vCO wixui-table__cell\"><div class=\"AxaXxM\"><div><img decoding=\"async\" src=\"https:\/\/static.wixstatic.com\/media\/0e37b0_5e4b86987fdb465d8aef15e81d92400c~mv2.png\/v1\/fit\/w_224,h_68\/0e37b0_5e4b86987fdb465d8aef15e81d92400c~mv2.png\" alt=\"\" data-ssr-src-done=\"true\" \/><\/div><\/div><\/td><td class=\"VG9vCO wixui-table__cell\"><div class=\"AxaXxM\"><div class=\"ZTH0AF\">U9 n\u00e9(e) en 2017<\/div><\/div><\/td><td class=\"VG9vCO wixui-table__cell\"><div class=\"AxaXxM\"><div class=\"ZTH0AF\">275.00$<\/div><\/div><\/td><td class=\"VG9vCO wixui-table__cell\"><div class=\"AxaXxM\"><div class=\"ZTH0AF\">305.00$<\/div><\/div><\/td><\/tr><tr class=\"UhXTve wixui-table__row\"><td class=\"VG9vCO wixui-table__cell\"><div class=\"AxaXxM\"><div><img decoding=\"async\" src=\"https:\/\/static.wixstatic.com\/media\/0e37b0_7b734fc297e54f7ebe2dc50df9146baa~mv2.jpg\/v1\/fit\/w_224,h_68\/0e37b0_7b734fc297e54f7ebe2dc50df9146baa~mv2.jpg\" alt=\"\" data-ssr-src-done=\"true\" \/><\/div><\/div><\/td><td class=\"VG9vCO wixui-table__cell\"><div class=\"AxaXxM\"><div class=\"ZTH0AF\">U10 n\u00e9(e) en 2016<\/div><\/div><\/td><td class=\"VG9vCO wixui-table__cell\"><div class=\"AxaXxM\"><div class=\"ZTH0AF\">275.00$<\/div><\/div><\/td><td class=\"VG9vCO wixui-table__cell\"><div class=\"AxaXxM\"><div class=\"ZTH0AF\">305.00$<\/div><\/div><\/td><\/tr><tr class=\"UhXTve wixui-table__row\"><td class=\"VG9vCO wixui-table__cell\"><div class=\"AxaXxM\"><div><img decoding=\"async\" src=\"https:\/\/static.wixstatic.com\/media\/0e37b0_d9c7be7d1f964579ad04ba99d4996286~mv2.png\/v1\/fit\/w_224,h_68\/0e37b0_d9c7be7d1f964579ad04ba99d4996286~mv2.png\" alt=\"\" data-ssr-src-done=\"true\" \/><\/div><\/div><\/td><td class=\"VG9vCO wixui-table__cell\"><div class=\"AxaXxM\"><div class=\"ZTH0AF\">U11 n\u00e9(e) en 2015<\/div><\/div><\/td><td class=\"VG9vCO wixui-table__cell\"><div class=\"AxaXxM\"><div class=\"ZTH0AF\">285.00$<\/div><\/div><\/td><td class=\"VG9vCO wixui-table__cell\"><div class=\"AxaXxM\"><div class=\"ZTH0AF\">315.00$<\/div><\/div><\/td><\/tr><tr class=\"UhXTve wixui-table__row\"><td class=\"VG9vCO wixui-table__cell\"><div class=\"AxaXxM\"><div><img decoding=\"async\" src=\"https:\/\/static.wixstatic.com\/media\/0e37b0_f00e9f66450643e3b41cd72852931062~mv2.png\/v1\/fit\/w_224,h_68\/0e37b0_f00e9f66450643e3b41cd72852931062~mv2.png\" alt=\"\" data-ssr-src-done=\"true\" \/><\/div><\/div><\/td><td class=\"VG9vCO wixui-table__cell\"><div class=\"AxaXxM\"><div class=\"ZTH0AF\">U12 n\u00e9(e) en 2014<\/div><\/div><\/td><td class=\"VG9vCO wixui-table__cell\"><div class=\"AxaXxM\"><div class=\"ZTH0AF\">285.00$<\/div><\/div><\/td><td class=\"VG9vCO wixui-table__cell\"><div class=\"AxaXxM\"><div class=\"ZTH0AF\">315.00$<\/div><\/div><\/td><\/tr><tr class=\"UhXTve wixui-table__row\"><td class=\"VG9vCO wixui-table__cell\"><div class=\"AxaXxM\"><div><img decoding=\"async\" src=\"https:\/\/static.wixstatic.com\/media\/0e37b0_8294287a83a243f3b3f81ff6f162d43e~mv2.png\/v1\/fit\/w_224,h_68\/0e37b0_8294287a83a243f3b3f81ff6f162d43e~mv2.png\" alt=\"\" data-ssr-src-done=\"true\" \/><\/div><\/div><\/td><td class=\"VG9vCO wixui-table__cell\"><div class=\"AxaXxM\"><div class=\"ZTH0AF\">U13 n\u00e9(e) en 2013<\/div><\/div><\/td><td class=\"VG9vCO wixui-table__cell\"><div class=\"AxaXxM\"><div class=\"ZTH0AF\">295.00$<\/div><\/div><\/td><td class=\"VG9vCO wixui-table__cell\"><div class=\"AxaXxM\"><div class=\"ZTH0AF\">325.00$<\/div><\/div><\/td><\/tr><tr class=\"UhXTve wixui-table__row\"><td class=\"VG9vCO wixui-table__cell\"><div class=\"AxaXxM\"><div><img decoding=\"async\" src=\"https:\/\/static.wixstatic.com\/media\/0e37b0_ead44d434ffc49babcf176c3612308da~mv2.png\/v1\/fit\/w_224,h_68\/0e37b0_ead44d434ffc49babcf176c3612308da~mv2.png\" alt=\"\" data-ssr-src-done=\"true\" \/><\/div><\/div><\/td><td class=\"VG9vCO wixui-table__cell\"><div class=\"AxaXxM\"><div class=\"ZTH0AF\">U14 n\u00e9(e) en 2012<\/div><\/div><\/td><td class=\"VG9vCO wixui-table__cell\"><div class=\"AxaXxM\"><div class=\"ZTH0AF\">295.00$<\/div><\/div><\/td><td class=\"VG9vCO wixui-table__cell\"><div class=\"AxaXxM\"><div class=\"ZTH0AF\">325.00$<\/div><\/div><\/td><\/tr><tr class=\"UhXTve wixui-table__row\"><td class=\"VG9vCO wixui-table__cell\"><div class=\"AxaXxM\"><div><img decoding=\"async\" src=\"https:\/\/static.wixstatic.com\/media\/0e37b0_7ef9deea55a7434099eb54f9b62df76a~mv2.png\/v1\/fit\/w_224,h_68\/0e37b0_7ef9deea55a7434099eb54f9b62df76a~mv2.png\" alt=\"\" data-ssr-src-done=\"true\" \/><\/div><\/div><\/td><td class=\"VG9vCO wixui-table__cell\"><div class=\"AxaXxM\"><div class=\"ZTH0AF\">U15 n\u00e9(e) en 2011<\/div><\/div><\/td><td class=\"VG9vCO wixui-table__cell\"><div class=\"AxaXxM\"><div class=\"ZTH0AF\">315.00$<\/div><\/div><\/td><td class=\"VG9vCO wixui-table__cell\"><div class=\"AxaXxM\"><div class=\"ZTH0AF\">345.00$<\/div><\/div><\/td><\/tr><tr class=\"UhXTve wixui-table__row\"><td class=\"VG9vCO wixui-table__cell\"><div class=\"AxaXxM\"><div><img decoding=\"async\" src=\"https:\/\/static.wixstatic.com\/media\/0e37b0_f33005371cb3404fb9a4e09086f473ad~mv2.png\/v1\/fit\/w_224,h_68\/0e37b0_f33005371cb3404fb9a4e09086f473ad~mv2.png\" alt=\"\" data-ssr-src-done=\"true\" \/><\/div><\/div><\/td><td class=\"VG9vCO wixui-table__cell\"><div class=\"AxaXxM\"><div class=\"ZTH0AF\">U16 n\u00e9(e) en 2010<\/div><\/div><\/td><td class=\"VG9vCO wixui-table__cell\"><div class=\"AxaXxM\"><div class=\"ZTH0AF\">315.00$<\/div><\/div><\/td><td class=\"VG9vCO wixui-table__cell\"><div class=\"AxaXxM\"><div class=\"ZTH0AF\">345.00$<\/div><\/div><\/td><\/tr><tr class=\"UhXTve wixui-table__row\"><td class=\"VG9vCO wixui-table__cell\"><div class=\"AxaXxM\"><div><img decoding=\"async\" src=\"https:\/\/static.wixstatic.com\/media\/0e37b0_4479a0e1aba148849cb66eefeaa5e147~mv2.png\/v1\/fit\/w_224,h_68\/0e37b0_4479a0e1aba148849cb66eefeaa5e147~mv2.png\" alt=\"\" data-ssr-src-done=\"true\" \/><\/div><\/div><\/td><td class=\"VG9vCO wixui-table__cell\"><div class=\"AxaXxM\"><div class=\"ZTH0AF\">U17-18 n\u00e9(e) en 2008-2009<\/div><\/div><\/td><td class=\"VG9vCO wixui-table__cell\"><div class=\"AxaXxM\"><div class=\"ZTH0AF\">335.00$<\/div><\/div><\/td><td class=\"VG9vCO wixui-table__cell\"><div class=\"AxaXxM\"><div class=\"ZTH0AF\">365.00$<\/div><\/div><\/td><\/tr><tr class=\"UhXTve wixui-table__row\"><td class=\"VG9vCO wixui-table__cell\"><div class=\"AxaXxM\"><div><img decoding=\"async\" src=\"https:\/\/static.wixstatic.com\/media\/0e37b0_9f9780a40858467292cc37c737e7c8ff~mv2.png\/v1\/fit\/w_224,h_68\/0e37b0_9f9780a40858467292cc37c737e7c8ff~mv2.png\" alt=\"\" data-ssr-src-done=\"true\" \/><\/div><\/div><\/td><td class=\"VG9vCO wixui-table__cell\"><div class=\"AxaXxM\"><div class=\"ZTH0AF\">U19-21 n\u00e9(e) en 2005-2007<\/div><\/div><\/td><td class=\"VG9vCO wixui-table__cell\"><div class=\"AxaXxM\"><div class=\"ZTH0AF\">335.00$<\/div><\/div><\/td><td class=\"VG9vCO wixui-table__cell\"><div class=\"AxaXxM\"><div class=\"ZTH0AF\">365.00$<\/div><\/div><\/td><\/tr><tr class=\"UhXTve wixui-table__row\"><td class=\"VG9vCO wixui-table__cell\"><div class=\"AxaXxM\"><div><img decoding=\"async\" src=\"https:\/\/static.wixstatic.com\/media\/0e37b0_e8d98d6775154393b8dd02f6b84418bc~mv2.png\/v1\/fit\/w_224,h_68\/0e37b0_e8d98d6775154393b8dd02f6b84418bc~mv2.png\" alt=\"\" data-ssr-src-done=\"true\" \/><\/div><\/div><\/td><td class=\"VG9vCO wixui-table__cell\"><div class=\"AxaXxM\"><div class=\"ZTH0AF\">Rabais familial<\/div><\/div><\/td><td class=\"VG9vCO wixui-table__cell\"><div class=\"AxaXxM\"><div class=\"ZTH0AF\">Deuxi\u00e8me enfant : rabais de 25\u202f%<\/div><\/div><\/td><td class=\"VG9vCO wixui-table__cell\"><div class=\"AxaXxM\"><div class=\"ZTH0AF\">Deuxi\u00e8me enfant : rabais de 25\u202f%<\/div><\/div><\/td><\/tr><tr class=\"UhXTve wixui-table__row\"><td class=\"VG9vCO wixui-table__cell\"><div class=\"AxaXxM\"><div>\u00a0<\/div><\/div><\/td><td class=\"VG9vCO wixui-table__cell\"><div class=\"AxaXxM\"><div class=\"ZTH0AF\">\u00a0<\/div><\/div><\/td><td class=\"VG9vCO wixui-table__cell\"><div class=\"AxaXxM\"><div class=\"ZTH0AF\">Enfants suppl\u00e9mentaires : rabais de 40\u202f%<\/div><\/div><\/td><td class=\"VG9vCO wixui-table__cell\"><div class=\"AxaXxM\"><div class=\"ZTH0AF\">Enfants suppl\u00e9mentaires : rabais de 40\u202f%<\/div><\/div><\/td><\/tr><\/tbody><\/table><\/div><\/div><\/div><div id=\"comp-lryhyuh8\" class=\"HcOXKn c9GqVL QxJLC3 lq2cno YQcXTT comp-lryhyuh8 wixui-rich-text\" data-testid=\"richTextElement\"><h4 class=\"font_9 wixui-rich-text__text\"><span class=\"wixui-rich-text__text\">Termes et conditions<\/span><\/h4><p class=\"font_9 wixui-rich-text__text\"><span class=\"wixui-rich-text__text\">En payant les frais d\u2019inscription, le membre :<\/span><\/p><ul class=\"font_9 wixui-rich-text__text\"><li class=\"wixui-rich-text__text\"><p class=\"font_9 wixui-rich-text__text\"><span class=\"wixui-rich-text__text\">Devient admissible \u00e0 participer aux activit\u00e9s sanctionn\u00e9es par la F\u00e9d\u00e9ration de soccer du Qu\u00e9bec (FSQ) et\/ou l\u2019Association r\u00e9gionale de soccer des Laurentides (ARSL) et s\u2019engage \u00e0 respecter les r\u00e8glements en vigueur.<\/span><\/p><\/li><\/ul><p class=\"font_9 wixui-rich-text__text\"><span class=\"wixui-rich-text__text\">En payant les frais d\u2019inscription, le membre et\/ou le parent ou tuteur\u2026<\/span><\/p><ul class=\"font_9 wixui-rich-text__text\"><li class=\"wixui-rich-text__text\"><p class=\"font_9 wixui-rich-text__text\"><span class=\"wixui-rich-text__text\">S\u2019engage \u00e0 respecter la r\u00e9glementation en vigueur \u00e9tablie par la\u00a0<a class=\"wixui-rich-text__text\">FSQ<\/a>\u00a0et la<a class=\"wixui-rich-text__text\">ARSL<\/a><\/span><\/p><\/li><li class=\"wixui-rich-text__text\"><p class=\"font_9 wixui-rich-text__text\"><span class=\"wixui-rich-text__text\">S\u2019engage \u00e0 respecter le fonctionnement de\u00a0<a class=\"wixui-rich-text__text\">programs<\/a>\u00a0\u00e9tablies par le F.C. Morin-Heights ;<\/span><\/p><\/li><li class=\"wixui-rich-text__text\"><p class=\"font_9 wixui-rich-text__text\"><span class=\"wixui-rich-text__text\">S\u2019engage \u00e0 adopter un comportement respectueux envers tous (joueurs, arbitres, entra\u00eeneurs, responsables, b\u00e9n\u00e9voles, etc.) ;<\/span><\/p><\/li><li class=\"wixui-rich-text__text\"><p class=\"font_9 wixui-rich-text__text\"><span class=\"wixui-rich-text__text\">S\u2019engage \u00e0 contribuer au bon d\u00e9roulement de la saison par sa pr\u00e9sence, son attitude positive et son implication ;<\/span><\/p><\/li><li class=\"wixui-rich-text__text\"><p class=\"font_9 wixui-rich-text__text\"><span class=\"wixui-rich-text__text\">Comprend que le F.C. Morin-Heights est un club g\u00e9r\u00e9 par des b\u00e9n\u00e9voles, et que les entra\u00eeneurs sont des parents b\u00e9n\u00e9voles ;<\/span><\/p><\/li><li class=\"wixui-rich-text__text\"><p class=\"font_9 wixui-rich-text__text\"><span class=\"wixui-rich-text__text\">Confirme avoir lu et compris la\u00a0<a class=\"wixui-rich-text__text\">politique de remboursement<\/a>,<\/span><\/p><\/li><li class=\"wixui-rich-text__text\"><p class=\"font_9 wixui-rich-text__text\"><span class=\"wixui-rich-text__text\">Certifie que toutes les informations fournies lors de l\u2019inscription sont compl\u00e8tes et exactes ;<\/span><\/p><\/li><li class=\"wixui-rich-text__text\"><p class=\"font_9 wixui-rich-text__text\"><span class=\"wixui-rich-text__text\">Authorizes F.C. Morin-Heights to use the member&#8217;s photographs and\/or videos, taken during soccer matches, practices and activities from current and past seasons.<\/span><\/p><\/li><li class=\"wixui-rich-text__text\"><p class=\"font_9 wixui-rich-text__text\"><span style=\"background-color: transparent; color: var( --e-global-color-text ); font-family: var( --e-global-typography-text-font-family ), Sans-serif; font-weight: var( --e-global-typography-text-font-weight ); text-transform: var( --e-global-typography-text-text-transform ); text-align: var(--text-align);\">Si vous souhaitez annuler l\u2019autorisation de publication, vous devez en faire la demande par courriel \u00e0 l\u2019adresse suivante :\u00a0<\/span><a class=\"wixui-rich-text__text\" style=\"font-size: 16px; text-align: var(--text-align);\" href=\"mailto:info@fcmorinheights.com\" data-auto-recognition=\"true\">info@fcmorinheights.com<\/a><span style=\"background-color: transparent; color: var( --e-global-color-text ); font-family: var( --e-global-typography-text-font-family ), Sans-serif; font-weight: var( --e-global-typography-text-font-weight ); text-transform: var( --e-global-typography-text-text-transform ); text-align: var(--text-align);\">.\u00a0<\/span><\/p><\/li><\/ul><\/div><div id=\"comp-m6oa4xhs\" class=\"HcOXKn c9GqVL QxJLC3 lq2cno YQcXTT comp-m6oa4xhs wixui-rich-text\" data-testid=\"richTextElement\"><h3 class=\"font_3 wixui-rich-text__text\">Inscription des b\u00e9n\u00e9voles pour les entra\u00eeneurs et les gestionnaires \u2013 \u00c9t\u00e9 2026<\/h3><\/div><div id=\"comp-m6oa8qnh\" class=\"HcOXKn c9GqVL QxJLC3 lq2cno YQcXTT comp-m6oa8qnh wixui-rich-text\" data-testid=\"richTextElement\"><h5 class=\"font_8 wixui-rich-text__text\"><span class=\"wixui-rich-text__text\"><br \/>Joignez-vous \u00e0 l\u2019\u00e9quipe \u2013 Devenez entra\u00eeneur ou responsable !<\/span><\/h5><p class=\"font_8 wixui-rich-text__text\"><span class=\"wixui-rich-text__text\"><br \/>Aimez-vous le soccer et souhaitez-vous faire une diff\u00e9rence dans votre communaut\u00e9\u202f? Que vous soyez parent d\u2019un joueur ou simplement passionn\u00e9 par le sport, nous avons besoin de vous\u202f!\n\nEn tant qu\u2019entra\u00eeneur ou gestionnaire d\u2019\u00e9quipe, vous aiderez \u00e0 guider les jeunes joueurs, \u00e0 favoriser le travail d\u2019\u00e9quipe et \u00e0 transmettre les valeurs du jeu. Aucune exp\u00e9rience n\u2019est requise \u2014 seulement de l\u2019enthousiasme et l\u2019envie de soutenir l\u2019\u00e9quipe\u202f!\n\nC\u2019est une occasion enrichissante de contribuer au succ\u00e8s du club, de cr\u00e9er des moments inoubliables et de faire partie d\u2019un groupe dynamique.\n\nInscrivez-vous d\u00e8s aujourd\u2019hui \u00e0 info@fcmorinheights.com\n et faites la diff\u00e9rence\u202f! \ud83d\udc99\u26bd<\/span><\/p><\/div><\/div>\t\t\t\t\t\t\t\t<\/div>\n\t\t\t\t<\/div>\n\t\t\t\t\t<\/div>\n\t\t\t\t<\/div>\n\t\t\t\t<\/div>","protected":false},"excerpt":{"rendered":"<p>Home Registration Summer 2026 registration ONLINE REGISTRATIONS OPEN ON FEBRUARY 02, 2026 IMPORTANT: You will need to create a Spordle account to register. PROCEED TO REGISTRATION REGISTRATION COST Please consult the table below.\u00a0 Please note that after April 1, a late fee of $20.00 will be added to the online price for all categories U9 [&hellip;]<\/p>","protected":false},"author":1,"featured_media":0,"parent":0,"menu_order":0,"comment_status":"closed","ping_status":"closed","template":"elementor_header_footer","meta":{"footnotes":""},"class_list":["post-316","page","type-page","status-publish","hentry"],"_links":{"self":[{"href":"https:\/\/fcmorinheights.com\/fr\/wp-json\/wp\/v2\/pages\/316","targetHints":{"allow":["GET"]}}],"collection":[{"href":"https:\/\/fcmorinheights.com\/fr\/wp-json\/wp\/v2\/pages"}],"about":[{"href":"https:\/\/fcmorinheights.com\/fr\/wp-json\/wp\/v2\/types\/page"}],"author":[{"embeddable":true,"href":"https:\/\/fcmorinheights.com\/fr\/wp-json\/wp\/v2\/users\/1"}],"replies":[{"embeddable":true,"href":"https:\/\/fcmorinheights.com\/fr\/wp-json\/wp\/v2\/comments?post=316"}],"version-history":[{"count":14,"href":"https:\/\/fcmorinheights.com\/fr\/wp-json\/wp\/v2\/pages\/316\/revisions"}],"predecessor-version":[{"id":915,"href":"https:\/\/fcmorinheights.com\/fr\/wp-json\/wp\/v2\/pages\/316\/revisions\/915"}],"wp:attachment":[{"href":"https:\/\/fcmorinheights.com\/fr\/wp-json\/wp\/v2\/media?parent=316"}],"curies":[{"name":"wp","href":"https:\/\/api.w.org\/{rel}","templated":true}]}}